{"id":1424,"date":"2023-10-20T10:02:00","date_gmt":"2023-10-20T10:02:00","guid":{"rendered":"https:\/\/mdm-business-services.be\/?page_id=1424"},"modified":"2023-10-26T04:02:10","modified_gmt":"2023-10-26T04:02:10","slug":"accueil","status":"publish","type":"page","link":"http:\/\/mdm-business-services.be\/nl\/accueil\/","title":{"rendered":"Home"},"content":{"rendered":"<div data-elementor-type=\"wp-page\" data-elementor-id=\"1424\" class=\"elementor elementor-1424\" data-elementor-post-type=\"page\">\n\t\t\t\t\t\t\t\t\t<section class=\"elementor-section elementor-top-section elementor-element elementor-element-4993b251 elementor-section-height-min-height elementor-section-items-stretch elementor-section-content-middle elementor-section-full_width elementor-section-height-default\" data-id=\"4993b251\" data-element_type=\"section\" data-settings=\"{&quot;background_background&quot;:&quot;classic&quot;}\">\n\t\t\t\t\t\t\t<div class=\"elementor-background-overlay\"><\/div>\n\t\t\t\t\t\t\t<div class=\"elementor-container elementor-column-gap-no\">\n\t\t\t\t\t<div class=\"elementor-column elementor-col-100 elementor-top-column elementor-element elementor-element-10c174a\" data-id=\"10c174a\" data-element_type=\"column\">\n\t\t\t<div class=\"elementor-widget-wrap elementor-element-populated\">\n\t\t\t\t\t\t\t\t<div class=\"elementor-element elementor-element-556756de elementor-invisible elementor-widget elementor-widget-heading\" data-id=\"556756de\" data-element_type=\"widget\" data-settings=\"{&quot;_animation&quot;:&quot;fadeIn&quot;}\" data-widget_type=\"heading.default\">\n\t\t\t\t<div class=\"elementor-widget-container\">\n\t\t\t<style>\/*! elementor - v3.17.0 - 25-10-2023 *\/\n.elementor-heading-title{padding:0;margin:0;line-height:1}.elementor-widget-heading .elementor-heading-title[class*=elementor-size-]>a{color:inherit;font-size:inherit;line-height:inherit}.elementor-widget-heading .elementor-heading-title.elementor-size-small{font-size:15px}.elementor-widget-heading .elementor-heading-title.elementor-size-medium{font-size:19px}.elementor-widget-heading .elementor-heading-title.elementor-size-large{font-size:29px}.elementor-widget-heading .elementor-heading-title.elementor-size-xl{font-size:39px}.elementor-widget-heading .elementor-heading-title.elementor-size-xxl{font-size:59px}<\/style><h1 class=\"elementor-heading-title elementor-size-default\">MDM \nBusiness & services<\/h1>\t\t<\/div>\n\t\t\t\t<\/div>\n\t\t\t\t<div class=\"elementor-element elementor-element-6e3f07eb elementor-invisible elementor-widget elementor-widget-heading\" data-id=\"6e3f07eb\" data-element_type=\"widget\" data-settings=\"{&quot;_animation&quot;:&quot;fadeIn&quot;}\" data-widget_type=\"heading.default\">\n\t\t\t\t<div class=\"elementor-widget-container\">\n\t\t\t<h5 class=\"elementor-heading-title elementor-size-default\">Uw lokale partner voor al het onderhoud en de instandhouding van uw gebouwen en omliggende gebieden.<\/h5>\t\t<\/div>\n\t\t\t\t<\/div>\n\t\t\t\t<div class=\"elementor-element elementor-element-4961afd8 elementor-align-center elementor-invisible elementor-widget elementor-widget-button\" data-id=\"4961afd8\" data-element_type=\"widget\" data-settings=\"{&quot;_animation&quot;:&quot;fadeIn&quot;,&quot;_animation_delay&quot;:400}\" data-widget_type=\"button.default\">\n\t\t\t\t<div class=\"elementor-widget-container\">\n\t\t\t\t\t<div class=\"elementor-button-wrapper\">\n\t\t\t<a class=\"elementor-button elementor-button-link elementor-size-sm\" href=\"http:\/\/mdm-business-services.be\/nl\/contact\/\" target=\"_blank\">\n\t\t\t\t\t\t<span class=\"elementor-button-content-wrapper\">\n\t\t\t\t\t\t<span class=\"elementor-button-text\">Contact<\/span>\n\t\t<\/span>\n\t\t\t\t\t<\/a>\n\t\t<\/div>\n\t\t\t\t<\/div>\n\t\t\t\t<\/div>\n\t\t\t\t\t<\/div>\n\t\t<\/div>\n\t\t\t\t\t\t\t<\/div>\n\t\t<\/section>\n\t\t\t\t<section class=\"elementor-section elementor-top-section elementor-element elementor-element-4e2d1a6 elementor-section-boxed elementor-section-height-default elementor-section-height-default\" data-id=\"4e2d1a6\" data-element_type=\"section\">\n\t\t\t\t\t\t<div class=\"elementor-container elementor-column-gap-default\">\n\t\t\t\t\t<div class=\"elementor-column elementor-col-100 elementor-top-column elementor-element elementor-element-6a125bd\" data-id=\"6a125bd\" data-element_type=\"column\">\n\t\t\t<div class=\"elementor-widget-wrap elementor-element-populated\">\n\t\t\t\t\t\t\t\t<div class=\"elementor-element elementor-element-feaf1ae elementor-widget elementor-widget-text-editor\" data-id=\"feaf1ae\" data-element_type=\"widget\" data-widget_type=\"text-editor.default\">\n\t\t\t\t<div class=\"elementor-widget-container\">\n\t\t\t<style>\/*! elementor - v3.17.0 - 25-10-2023 *\/\n.elementor-widget-text-editor.elementor-drop-cap-view-stacked .elementor-drop-cap{background-color:#69727d;color:#fff}.elementor-widget-text-editor.elementor-drop-cap-view-framed .elementor-drop-cap{color:#69727d;border:3px solid;background-color:transparent}.elementor-widget-text-editor:not(.elementor-drop-cap-view-default) .elementor-drop-cap{margin-top:8px}.elementor-widget-text-editor:not(.elementor-drop-cap-view-default) .elementor-drop-cap-letter{width:1em;height:1em}.elementor-widget-text-editor .elementor-drop-cap{float:left;text-align:center;line-height:1;font-size:50px}.elementor-widget-text-editor .elementor-drop-cap-letter{display:inline-block}<\/style>\t\t\t\t<p>We zijn verheugd om de belangrijkste redenen waarom zoveel bedrijven en instellingen hebben besloten om met ons samen te werken met u te delen:\u00a0<\/p><ul><li><strong>Ervaren team :<\/strong> Ons toegewijde team van professionals brengt jaren ervaring en expertise mee naar elk project. Bij ons kan u rekenen op deskundigheid en nauwgezetheid.<\/li><li><strong>All-in-one dienstverlening:<\/strong> Wij bieden een totaaloplossing voor schoonmaak-, onderhouds- en bouwprojecten. Bij ons bent u verzekerd van doeltreffendheid en kwaliteit onder \u00e9\u00e9n dak.<\/li><li><strong>Klantgerichte aanpak :<\/strong> Uw tevredenheid is onze prioriteit. Wij luisteren naar uw behoeften, passen onze diensten aan en bieden oplossingen op maat die aan al uw verwachtingen voldoen.<\/li><li><strong>Duurzaamheid:<\/strong> We zetten ons in voor milieuvriendelijke en duurzame praktijken in al onze diensten. Ons streven naar groen ondernemen helpt uw ruimte te verbeteren en tegelijkertijd onze planeet te beschermen.<\/li><li><strong>Transparence:<\/strong> Bij ons krijgt u duidelijke tarieven, geen verborgen kosten en regelmatige communicatie. U weet te allen tijde wat u kan verwachten.<\/li><\/ul><div>\u00a0<\/div><p>Waarom elders kijken als u een betrouwbare partner nodig hebt voor al uw schoonmaak-, onderhouds- en bouwbehoeften? Ontdek vandaag nog de voordelen van werken met <strong>MDM Business &amp; Services<\/strong>. Nous faisons de vos projets un succ\u00e8s, une mission \u00e0 la fois.<\/p>\t\t\t\t\t\t<\/div>\n\t\t\t\t<\/div>\n\t\t\t\t\t<\/div>\n\t\t<\/div>\n\t\t\t\t\t\t\t<\/div>\n\t\t<\/section>\n\t\t\t\t<section class=\"elementor-section elementor-top-section elementor-element elementor-element-5dece678 elementor-section-boxed elementor-section-height-default elementor-section-height-default\" data-id=\"5dece678\" data-element_type=\"section\">\n\t\t\t\t\t\t<div class=\"elementor-container elementor-column-gap-no\">\n\t\t\t\t\t<div class=\"elementor-column elementor-col-100 elementor-top-column elementor-element elementor-element-7d32b741\" data-id=\"7d32b741\" data-element_type=\"column\">\n\t\t\t<div class=\"elementor-widget-wrap elementor-element-populated\">\n\t\t\t\t\t\t\t\t<div class=\"elementor-element elementor-element-14cc8643 elementor-widget elementor-widget-heading\" data-id=\"14cc8643\" data-element_type=\"widget\" data-widget_type=\"heading.default\">\n\t\t\t\t<div class=\"elementor-widget-container\">\n\t\t\t<h2 class=\"elementor-heading-title elementor-size-default\">Onze diensten<\/h2>\t\t<\/div>\n\t\t\t\t<\/div>\n\t\t\t\t<div class=\"elementor-element elementor-element-46217bb4 elementor-widget elementor-widget-heading\" data-id=\"46217bb4\" data-element_type=\"widget\" data-widget_type=\"heading.default\">\n\t\t\t\t<div class=\"elementor-widget-container\">\n\t\t\t<h5 class=\"elementor-heading-title elementor-size-default\">Zodat u zich volledig kunt richten op uw kernactiviteiten, bieden wij u een breed scala aan diensten om ervoor te zorgen dat uw binnen- en buitenomgeving gastvrij en brandschoon is!<\/h5>\t\t<\/div>\n\t\t\t\t<\/div>\n\t\t\t\t<section class=\"elementor-section elementor-inner-section elementor-element elementor-element-2e1ad396 elementor-section-full_width elementor-section-height-default elementor-section-height-default\" data-id=\"2e1ad396\" data-element_type=\"section\">\n\t\t\t\t\t\t<div class=\"elementor-container elementor-column-gap-no\">\n\t\t\t\t\t<div class=\"elementor-column elementor-col-25 elementor-inner-column elementor-element elementor-element-24752697\" data-id=\"24752697\" data-element_type=\"column\">\n\t\t\t<div class=\"elementor-widget-wrap elementor-element-populated\">\n\t\t\t\t\t\t\t\t<div class=\"elementor-element elementor-element-104bc6af elementor-position-top elementor-widget elementor-widget-image-box\" data-id=\"104bc6af\" data-element_type=\"widget\" data-widget_type=\"image-box.default\">\n\t\t\t\t<div class=\"elementor-widget-container\">\n\t\t\t<style>\/*! elementor - v3.17.0 - 25-10-2023 *\/\n.elementor-widget-image-box .elementor-image-box-content{width:100%}@media (min-width:768px){.elementor-widget-image-box.elementor-position-left .elementor-image-box-wrapper,.elementor-widget-image-box.elementor-position-right .elementor-image-box-wrapper{display:flex}.elementor-widget-image-box.elementor-position-right .elementor-image-box-wrapper{text-align:right;flex-direction:row-reverse}.elementor-widget-image-box.elementor-position-left .elementor-image-box-wrapper{text-align:left;flex-direction:row}.elementor-widget-image-box.elementor-position-top .elementor-image-box-img{margin:auto}.elementor-widget-image-box.elementor-vertical-align-top .elementor-image-box-wrapper{align-items:flex-start}.elementor-widget-image-box.elementor-vertical-align-middle .elementor-image-box-wrapper{align-items:center}.elementor-widget-image-box.elementor-vertical-align-bottom .elementor-image-box-wrapper{align-items:flex-end}}@media (max-width:767px){.elementor-widget-image-box .elementor-image-box-img{margin-left:auto!important;margin-right:auto!important;margin-bottom:15px}}.elementor-widget-image-box .elementor-image-box-img{display:inline-block}.elementor-widget-image-box .elementor-image-box-title a{color:inherit}.elementor-widget-image-box .elementor-image-box-wrapper{text-align:center}.elementor-widget-image-box .elementor-image-box-description{margin:0}<\/style><div class=\"elementor-image-box-wrapper\"><figure class=\"elementor-image-box-img\"><a href=\"http:\/\/mdm-business-services.be\/nl\/nettoyage\/\" target=\"_blank\" tabindex=\"-1\"><img loading=\"lazy\" decoding=\"async\" width=\"940\" height=\"788\" src=\"https:\/\/mdm-business-services.be\/wp-content\/uploads\/MDM-Nettoyage-approfondi.png\" class=\"elementor-animation-grow attachment-full size-full wp-image-1357\" alt=\"\" srcset=\"https:\/\/mdm-business-services.be\/wp-content\/uploads\/MDM-Nettoyage-approfondi.png 940w, https:\/\/mdm-business-services.be\/wp-content\/uploads\/MDM-Nettoyage-approfondi-300x251.png 300w, https:\/\/mdm-business-services.be\/wp-content\/uploads\/MDM-Nettoyage-approfondi-768x644.png 768w\" sizes=\"auto, (max-width: 940px) 100vw, 940px\" \/><\/a><\/figure><div class=\"elementor-image-box-content\"><h4 class=\"elementor-image-box-title\"><a href=\"http:\/\/mdm-business-services.be\/nl\/nettoyage\/\" target=\"_blank\">Schoonmaak <\/a><\/h4><p class=\"elementor-image-box-description\">La propret\u00e9 notre priorit\u00e9, pour un environnement impeccable \u00e0 chaque instant<\/p><\/div><\/div>\t\t<\/div>\n\t\t\t\t<\/div>\n\t\t\t\t\t<\/div>\n\t\t<\/div>\n\t\t\t\t<div class=\"elementor-column elementor-col-25 elementor-inner-column elementor-element elementor-element-256e311\" data-id=\"256e311\" data-element_type=\"column\">\n\t\t\t<div class=\"elementor-widget-wrap elementor-element-populated\">\n\t\t\t\t\t\t\t\t<div class=\"elementor-element elementor-element-f9af2f7 elementor-position-top elementor-widget elementor-widget-image-box\" data-id=\"f9af2f7\" data-element_type=\"widget\" data-widget_type=\"image-box.default\">\n\t\t\t\t<div class=\"elementor-widget-container\">\n\t\t\t<div class=\"elementor-image-box-wrapper\"><figure class=\"elementor-image-box-img\"><a href=\"http:\/\/mdm-business-services.be\/nl\/lavage-de-vitres\/\" target=\"_blank\" tabindex=\"-1\"><img loading=\"lazy\" decoding=\"async\" width=\"940\" height=\"788\" src=\"https:\/\/mdm-business-services.be\/wp-content\/uploads\/2-2.png\" class=\"elementor-animation-grow attachment-full size-full wp-image-1338\" alt=\"\" srcset=\"https:\/\/mdm-business-services.be\/wp-content\/uploads\/2-2.png 940w, https:\/\/mdm-business-services.be\/wp-content\/uploads\/2-2-300x251.png 300w, https:\/\/mdm-business-services.be\/wp-content\/uploads\/2-2-768x644.png 768w\" sizes=\"auto, (max-width: 940px) 100vw, 940px\" \/><\/a><\/figure><div class=\"elementor-image-box-content\"><h4 class=\"elementor-image-box-title\"><a href=\"http:\/\/mdm-business-services.be\/nl\/lavage-de-vitres\/\" target=\"_blank\">Raamreiniging<\/a><\/h4><p class=\"elementor-image-box-description\">Lavage de vitres et nettoyage de fa\u00e7ade : brillance immacul\u00e9e garantie<\/p><\/div><\/div>\t\t<\/div>\n\t\t\t\t<\/div>\n\t\t\t\t\t<\/div>\n\t\t<\/div>\n\t\t\t\t<div class=\"elementor-column elementor-col-25 elementor-inner-column elementor-element elementor-element-9e128c1\" data-id=\"9e128c1\" data-element_type=\"column\">\n\t\t\t<div class=\"elementor-widget-wrap elementor-element-populated\">\n\t\t\t\t\t\t\t\t<div class=\"elementor-element elementor-element-790757f elementor-position-top elementor-widget elementor-widget-image-box\" data-id=\"790757f\" data-element_type=\"widget\" data-widget_type=\"image-box.default\">\n\t\t\t\t<div class=\"elementor-widget-container\">\n\t\t\t<div class=\"elementor-image-box-wrapper\"><figure class=\"elementor-image-box-img\"><a href=\"https:\/\/mdm-business-services.be\/nl\/entretien-interieurs\/\" target=\"_blank\" tabindex=\"-1\"><img loading=\"lazy\" decoding=\"async\" width=\"940\" height=\"788\" src=\"https:\/\/mdm-business-services.be\/wp-content\/uploads\/MDM-renovation-interieur.png\" class=\"elementor-animation-grow attachment-full size-full wp-image-1420\" alt=\"\" srcset=\"https:\/\/mdm-business-services.be\/wp-content\/uploads\/MDM-renovation-interieur.png 940w, https:\/\/mdm-business-services.be\/wp-content\/uploads\/MDM-renovation-interieur-300x251.png 300w, https:\/\/mdm-business-services.be\/wp-content\/uploads\/MDM-renovation-interieur-768x644.png 768w\" sizes=\"auto, (max-width: 940px) 100vw, 940px\" \/><\/a><\/figure><div class=\"elementor-image-box-content\"><p class=\"elementor-image-box-description\"><h4 data-elementor-setting-key=\"title_text\" data-elementor-inline-editing-toolbar=\"none\" data-pen-placeholder=\"Type Here...\" style=\"outline-color: currentcolor; outline-style: none; font-style: normal; text-decoration: none; letter-spacing: normal; word-spacing: 0px;\"><span style=\"font-family: var( --e-global-typography-text-font-family ), Sans-serif; font-style: var( --e-global-typography-text-font-style ); letter-spacing: var( --e-global-typography-text-letter-spacing ); word-spacing: var( --e-global-typography-text-word-spacing ); text-decoration: var( --e-global-typography-text-text-decoration ); background-color: var( --e-global-color-c696dce );\">Travaux &amp; Construction<\/span><\/h4><h4 data-elementor-setting-key=\"title_text\" data-elementor-inline-editing-toolbar=\"none\" data-pen-placeholder=\"Type Here...\" style=\"outline-color: currentcolor; outline-style: none; font-style: normal; text-decoration: none; letter-spacing: normal; word-spacing: 0px;\"><span style=\"color: var( --e-global-color-text ); font-family: var( --e-global-typography-text-font-family ), Sans-serif; font-size: var( --e-global-typography-text-font-size ); font-style: var( --e-global-typography-text-font-style ); font-weight: var( --e-global-typography-text-font-weight ); letter-spacing: var( --e-global-typography-text-letter-spacing ); text-transform: var( --e-global-typography-text-text-transform ); word-spacing: var( --e-global-typography-text-word-spacing ); text-decoration: var( --e-global-typography-text-text-decoration ); background-color: var( --e-global-color-c696dce );\">Verwelkomende interieurs en ruimtes dankzij onze verfraaiingsexpertise.<\/span><br><\/h4><\/p><\/div><\/div>\t\t<\/div>\n\t\t\t\t<\/div>\n\t\t\t\t\t<\/div>\n\t\t<\/div>\n\t\t\t\t<div class=\"elementor-column elementor-col-25 elementor-inner-column elementor-element elementor-element-71867bd\" data-id=\"71867bd\" data-element_type=\"column\">\n\t\t\t<div class=\"elementor-widget-wrap elementor-element-populated\">\n\t\t\t\t\t\t\t\t<div class=\"elementor-element elementor-element-53a79ba elementor-position-top elementor-widget elementor-widget-image-box\" data-id=\"53a79ba\" data-element_type=\"widget\" data-widget_type=\"image-box.default\">\n\t\t\t\t<div class=\"elementor-widget-container\">\n\t\t\t<div class=\"elementor-image-box-wrapper\"><figure class=\"elementor-image-box-img\"><a href=\"http:\/\/mdm-business-services.be\/nl\/entretien-exterieurs\/\" target=\"_blank\" tabindex=\"-1\"><img loading=\"lazy\" decoding=\"async\" width=\"940\" height=\"788\" src=\"https:\/\/mdm-business-services.be\/wp-content\/uploads\/3-4.png\" class=\"elementor-animation-grow attachment-full size-full wp-image-1377\" alt=\"\" srcset=\"https:\/\/mdm-business-services.be\/wp-content\/uploads\/3-4.png 940w, https:\/\/mdm-business-services.be\/wp-content\/uploads\/3-4-300x251.png 300w, https:\/\/mdm-business-services.be\/wp-content\/uploads\/3-4-768x644.png 768w\" sizes=\"auto, (max-width: 940px) 100vw, 940px\" \/><\/a><\/figure><div class=\"elementor-image-box-content\"><h4 class=\"elementor-image-box-title\"><a href=\"http:\/\/mdm-business-services.be\/nl\/entretien-exterieurs\/\" target=\"_blank\">Onderhoud buitenomgeving<\/a><\/h4><p class=\"elementor-image-box-description\">Regelmatig onderhoud van uw buitenomgeving: d\u00e9 sleutel tot een warm welkom!<\/p><\/div><\/div>\t\t<\/div>\n\t\t\t\t<\/div>\n\t\t\t\t\t<\/div>\n\t\t<\/div>\n\t\t\t\t\t\t\t<\/div>\n\t\t<\/section>\n\t\t\t\t<div class=\"elementor-element elementor-element-1bbb38ef elementor-align-center elementor-invisible elementor-widget elementor-widget-button\" data-id=\"1bbb38ef\" data-element_type=\"widget\" data-settings=\"{&quot;_animation&quot;:&quot;fadeIn&quot;}\" data-widget_type=\"button.default\">\n\t\t\t\t<div class=\"elementor-widget-container\">\n\t\t\t\t\t<div class=\"elementor-button-wrapper\">\n\t\t\t<a class=\"elementor-button elementor-button-link elementor-size-sm\" href=\"http:\/\/mdm-business-services.be\/nl\/contact\/\" target=\"_blank\">\n\t\t\t\t\t\t<span class=\"elementor-button-content-wrapper\">\n\t\t\t\t\t\t<span class=\"elementor-button-text\">Demander un devis<\/span>\n\t\t<\/span>\n\t\t\t\t\t<\/a>\n\t\t<\/div>\n\t\t\t\t<\/div>\n\t\t\t\t<\/div>\n\t\t\t\t\t<\/div>\n\t\t<\/div>\n\t\t\t\t\t\t\t<\/div>\n\t\t<\/section>\n\t\t\t\t<section class=\"elementor-section elementor-top-section elementor-element elementor-element-1ee260c elementor-section-boxed elementor-section-height-default elementor-section-height-default\" data-id=\"1ee260c\" data-element_type=\"section\">\n\t\t\t\t\t\t<div class=\"elementor-container elementor-column-gap-default\">\n\t\t\t\t\t<div class=\"elementor-column elementor-col-100 elementor-top-column elementor-element elementor-element-ec984a4\" data-id=\"ec984a4\" data-element_type=\"column\">\n\t\t\t<div class=\"elementor-widget-wrap elementor-element-populated\">\n\t\t\t\t\t\t\t\t<div class=\"elementor-element elementor-element-9dbbf86 elementor-widget elementor-widget-text-editor\" data-id=\"9dbbf86\" data-element_type=\"widget\" data-widget_type=\"text-editor.default\">\n\t\t\t\t<div class=\"elementor-widget-container\">\n\t\t\t\t\t\t\t<p><b>MDM Business &amp; Services<\/b>is uw lokale partner<span class=\"OYPEnA text-decoration-none text-strikethrough-none\">voor gespecialiseerde schoonmaak en onderhoud <b>van semi-industri\u00eble<\/b> of administratieve panden <b>, kantoren,<\/b> de locaux semi-industriels ou administratifs, de bureaux, d\u2019\u00e9coles, de centres commerciaux\u2026 \u00a0De plus, nous sommes votre alli\u00e9 de r\u00e9f\u00e9rence pour tout ce qui concerne vos travaux de <b>construction<\/b> et <b>r\u00e9novation<\/b>.\u00a0<\/span><\/p><p>Om aan uw specifieke en persoonlijke behoeften en verwachtingen te voldoen, wordt ons personeel regelmatig bijgeschoold in de verschillende technieken die nodig zijn om een kwaliteitsservice te bieden.<\/p><p>Dag na dag, gedurende hun volledige loopbaan. \u00a0<\/p>\t\t\t\t\t\t<\/div>\n\t\t\t\t<\/div>\n\t\t\t\t\t<\/div>\n\t\t<\/div>\n\t\t\t\t\t\t\t<\/div>\n\t\t<\/section>\n\t\t\t\t<section class=\"elementor-section elementor-top-section elementor-element elementor-element-e94323f elementor-section-boxed elementor-section-height-default elementor-section-height-default\" data-id=\"e94323f\" data-element_type=\"section\">\n\t\t\t\t\t\t<div class=\"elementor-container elementor-column-gap-default\">\n\t\t\t\t\t<div class=\"elementor-column elementor-col-100 elementor-top-column elementor-element elementor-element-52e2873\" data-id=\"52e2873\" data-element_type=\"column\">\n\t\t\t<div class=\"elementor-widget-wrap elementor-element-populated\">\n\t\t\t\t\t\t\t\t<div class=\"elementor-element elementor-element-b160df4 elementor-widget elementor-widget-spacer\" data-id=\"b160df4\" data-element_type=\"widget\" data-widget_type=\"spacer.default\">\n\t\t\t\t<div class=\"elementor-widget-container\">\n\t\t\t<style>\/*! elementor - v3.17.0 - 25-10-2023 *\/\n.elementor-column .elementor-spacer-inner{height:var(--spacer-size)}.e-con{--container-widget-width:100%}.e-con-inner>.elementor-widget-spacer,.e-con>.elementor-widget-spacer{width:var(--container-widget-width,var(--spacer-size));--align-self:var(--container-widget-align-self,initial);--flex-shrink:0}.e-con-inner>.elementor-widget-spacer>.elementor-widget-container,.e-con>.elementor-widget-spacer>.elementor-widget-container{height:100%;width:100%}.e-con-inner>.elementor-widget-spacer>.elementor-widget-container>.elementor-spacer,.e-con>.elementor-widget-spacer>.elementor-widget-container>.elementor-spacer{height:100%}.e-con-inner>.elementor-widget-spacer>.elementor-widget-container>.elementor-spacer>.elementor-spacer-inner,.e-con>.elementor-widget-spacer>.elementor-widget-container>.elementor-spacer>.elementor-spacer-inner{height:var(--container-widget-height,var(--spacer-size))}.e-con-inner>.elementor-widget-spacer.elementor-widget-empty,.e-con>.elementor-widget-spacer.elementor-widget-empty{position:relative;min-height:22px;min-width:22px}.e-con-inner>.elementor-widget-spacer.elementor-widget-empty .elementor-widget-empty-icon,.e-con>.elementor-widget-spacer.elementor-widget-empty .elementor-widget-empty-icon{position:absolute;top:0;bottom:0;left:0;right:0;margin:auto;padding:0;width:22px;height:22px}<\/style>\t\t<div class=\"elementor-spacer\">\n\t\t\t<div class=\"elementor-spacer-inner\"><\/div>\n\t\t<\/div>\n\t\t\t\t<\/div>\n\t\t\t\t<\/div>\n\t\t\t\t\t<\/div>\n\t\t<\/div>\n\t\t\t\t\t\t\t<\/div>\n\t\t<\/section>\n\t\t\t\t\t\t\t<\/div>","protected":false},"excerpt":{"rendered":"<p>MDM Business &#038; services Votre partenaire de proximit\u00e9 pour toute maintenance et entretien de vos b\u00e2timents et ext\u00e9rieurs. Contact Nous sommes ravis de vous partager les raisons principales pour lesquelles de nombreuses entreprises et instituons ont d\u00e9cid\u00e9 de collaborer avec nous:\u00a0 \u00c9quipe exp\u00e9riment\u00e9e : Notre \u00e9quipe d\u00e9vou\u00e9e de professionnels apporte des ann\u00e9es d&rsquo;exp\u00e9rience et d&rsquo;expertise [&hellip;]<\/p>","protected":false},"author":3,"featured_media":857,"parent":0,"menu_order":0,"comment_status":"closed","ping_status":"closed","template":"elementor_header_footer","meta":{"footnotes":""},"class_list":["post-1424","page","type-page","status-publish","has-post-thumbnail","hentry"],"_links":{"self":[{"href":"http:\/\/mdm-business-services.be\/nl\/wp-json\/wp\/v2\/pages\/1424","targetHints":{"allow":["GET"]}}],"collection":[{"href":"http:\/\/mdm-business-services.be\/nl\/wp-json\/wp\/v2\/pages"}],"about":[{"href":"http:\/\/mdm-business-services.be\/nl\/wp-json\/wp\/v2\/types\/page"}],"author":[{"embeddable":true,"href":"http:\/\/mdm-business-services.be\/nl\/wp-json\/wp\/v2\/users\/3"}],"replies":[{"embeddable":true,"href":"http:\/\/mdm-business-services.be\/nl\/wp-json\/wp\/v2\/comments?post=1424"}],"version-history":[{"count":15,"href":"http:\/\/mdm-business-services.be\/nl\/wp-json\/wp\/v2\/pages\/1424\/revisions"}],"predecessor-version":[{"id":1780,"href":"http:\/\/mdm-business-services.be\/nl\/wp-json\/wp\/v2\/pages\/1424\/revisions\/1780"}],"wp:featuredmedia":[{"embeddable":true,"href":"http:\/\/mdm-business-services.be\/nl\/wp-json\/wp\/v2\/media\/857"}],"wp:attachment":[{"href":"http:\/\/mdm-business-services.be\/nl\/wp-json\/wp\/v2\/media?parent=1424"}],"curies":[{"name":"wp","href":"https:\/\/api.w.org\/{rel}","templated":true}]}}