{"id":826,"date":"2023-09-29T09:23:56","date_gmt":"2023-09-29T09:23:56","guid":{"rendered":"https:\/\/mdm-business-services.be\/?page_id=826"},"modified":"2025-04-24T08:34:52","modified_gmt":"2025-04-24T08:34:52","slug":"contact","status":"publish","type":"page","link":"https:\/\/mdm-business-services.be\/fr\/contact\/","title":{"rendered":"Contact"},"content":{"rendered":"<style>\/*! elementor - v3.16.0 - 20-09-2023 *\/\n.elementor-heading-title{padding:0;margin:0;line-height:1}.elementor-widget-heading .elementor-heading-title[class*=elementor-size-]>a{color:inherit;font-size:inherit;line-height:inherit}.elementor-widget-heading .elementor-heading-title.elementor-size-small{font-size:15px}.elementor-widget-heading .elementor-heading-title.elementor-size-medium{font-size:19px}.elementor-widget-heading .elementor-heading-title.elementor-size-large{font-size:29px}.elementor-widget-heading .elementor-heading-title.elementor-size-xl{font-size:39px}.elementor-widget-heading .elementor-heading-title.elementor-size-xxl{font-size:59px}<\/style>\n<h2>Contactez-nous<\/h2>\n<p>N&rsquo;h\u00e9sitez pas \u00e0 nous contacter d\u00e8s maintenant afin que nous puissions parler ensemble de vos projets de nettoyage, entretien ou embellissement !<\/p>\n<p>Afin de vous r\u00e9pondre au mieux \u00e0 vos attentes, nous vous prions de compl\u00e9ter le formulaire ci dessous. Nous nous engageons \u00e0 vous r\u00e9ponde dans les plus brefs d\u00e9lais!\u00a0<\/p>\n<p>Si toutefois votre requ\u00eate est urgente, vous pouvez nous sonner en cliquant <a href=\"tel: +32 477 26 19 17\">ici<\/a>.\u00a0<\/p>\n<p>Tel: <a href=\"tel:0032477261917\">+32 477 26 19 17<\/a><\/p>\n<p>Mail: <a href=\"mailto:info@mdm-business-services.be\">info@mdm-business-services.be<\/a><\/p>\n<p>Mail: <a href=\"mailto:cmelaniss@live.com\">cmelaniss@live.com<\/a><\/p>\n<style>\/*! elementor - v3.16.0 - 20-09-2023 *\/\n.elementor-column .elementor-spacer-inner{height:var(--spacer-size)}.e-con{--container-widget-width:100%}.e-con-inner>.elementor-widget-spacer,.e-con>.elementor-widget-spacer{width:var(--container-widget-width,var(--spacer-size));--align-self:var(--container-widget-align-self,initial);--flex-shrink:0}.e-con-inner>.elementor-widget-spacer>.elementor-widget-container,.e-con>.elementor-widget-spacer>.elementor-widget-container{height:100%;width:100%}.e-con-inner>.elementor-widget-spacer>.elementor-widget-container>.elementor-spacer,.e-con>.elementor-widget-spacer>.elementor-widget-container>.elementor-spacer{height:100%}.e-con-inner>.elementor-widget-spacer>.elementor-widget-container>.elementor-spacer>.elementor-spacer-inner,.e-con>.elementor-widget-spacer>.elementor-widget-container>.elementor-spacer>.elementor-spacer-inner{height:var(--container-widget-height,var(--spacer-size))}.e-con-inner>.elementor-widget-spacer.elementor-widget-empty,.e-con>.elementor-widget-spacer.elementor-widget-empty{position:relative;min-height:22px;min-width:22px}.e-con-inner>.elementor-widget-spacer.elementor-widget-empty .elementor-widget-empty-icon,.e-con>.elementor-widget-spacer.elementor-widget-empty .elementor-widget-empty-icon{position:absolute;top:0;bottom:0;left:0;right:0;margin:auto;padding:0;width:22px;height:22px}<\/style>\n<p>\t\t\t<noscript><br \/>\n\tNotice: JavaScript is required for this content.<\/noscript><br \/>\n        <!-- That data is being printed as a workaround to page builders reordering the order of the scripts loaded--><\/p>\n","protected":false},"excerpt":{"rendered":"<p>Contactez-nous N&rsquo;h\u00e9sitez pas \u00e0 nous contacter d\u00e8s maintenant afin que nous puissions parler ensemble de vos projets de nettoyage, entretien ou embellissement ! Afin de vous r\u00e9pondre au mieux \u00e0 vos attentes, nous vous prions de compl\u00e9ter le formulaire ci dessous. Nous nous engageons \u00e0 vous r\u00e9ponde dans les plus brefs d\u00e9lais!\u00a0 Si toutefois votre [&hellip;]<\/p>\n","protected":false},"author":3,"featured_media":832,"parent":0,"menu_order":0,"comment_status":"closed","ping_status":"closed","template":"elementor_header_footer","meta":{"footnotes":""},"class_list":["post-826","page","type-page","status-publish","has-post-thumbnail","hentry"],"_links":{"self":[{"href":"https:\/\/mdm-business-services.be\/fr\/wp-json\/wp\/v2\/pages\/826","targetHints":{"allow":["GET"]}}],"collection":[{"href":"https:\/\/mdm-business-services.be\/fr\/wp-json\/wp\/v2\/pages"}],"about":[{"href":"https:\/\/mdm-business-services.be\/fr\/wp-json\/wp\/v2\/types\/page"}],"author":[{"embeddable":true,"href":"https:\/\/mdm-business-services.be\/fr\/wp-json\/wp\/v2\/users\/3"}],"replies":[{"embeddable":true,"href":"https:\/\/mdm-business-services.be\/fr\/wp-json\/wp\/v2\/comments?post=826"}],"version-history":[{"count":43,"href":"https:\/\/mdm-business-services.be\/fr\/wp-json\/wp\/v2\/pages\/826\/revisions"}],"predecessor-version":[{"id":1746,"href":"https:\/\/mdm-business-services.be\/fr\/wp-json\/wp\/v2\/pages\/826\/revisions\/1746"}],"wp:featuredmedia":[{"embeddable":true,"href":"https:\/\/mdm-business-services.be\/fr\/wp-json\/wp\/v2\/media\/832"}],"wp:attachment":[{"href":"https:\/\/mdm-business-services.be\/fr\/wp-json\/wp\/v2\/media?parent=826"}],"curies":[{"name":"wp","href":"https:\/\/api.w.org\/{rel}","templated":true}]}}