{"id":833,"date":"2023-09-29T09:23:57","date_gmt":"2023-09-29T09:23:57","guid":{"rendered":"https:\/\/mdm-business-services.be\/?page_id=833"},"modified":"2023-10-24T06:36:42","modified_gmt":"2023-10-24T06:36:42","slug":"our-services","status":"publish","type":"page","link":"https:\/\/mdm-business-services.be\/fr\/our-services\/","title":{"rendered":"Nos services"},"content":{"rendered":"\t\t<div data-elementor-type=\"wp-page\" data-elementor-id=\"833\" class=\"elementor elementor-833\" data-elementor-post-type=\"page\">\n\t\t\t\t\t\t\t\t\t<section class=\"elementor-section elementor-top-section elementor-element elementor-element-11c8e2b6 elementor-section-height-min-height elementor-section-items-stretch elementor-section-content-middle elementor-section-boxed elementor-section-height-default\" data-id=\"11c8e2b6\" data-element_type=\"section\">\n\t\t\t\t\t\t<div class=\"elementor-container elementor-column-gap-no\">\n\t\t\t\t\t<div class=\"elementor-column elementor-col-100 elementor-top-column elementor-element elementor-element-db2082\" data-id=\"db2082\" data-element_type=\"column\">\n\t\t\t<div class=\"elementor-widget-wrap elementor-element-populated\">\n\t\t\t\t\t\t\t\t<div class=\"elementor-element elementor-element-40d9717d elementor-invisible elementor-widget elementor-widget-heading\" data-id=\"40d9717d\" data-element_type=\"widget\" data-settings=\"{&quot;_animation&quot;:&quot;fadeIn&quot;}\" data-widget_type=\"heading.default\">\n\t\t\t\t<div class=\"elementor-widget-container\">\n\t\t\t<style>\/*! elementor - v3.17.0 - 25-10-2023 *\/\n.elementor-heading-title{padding:0;margin:0;line-height:1}.elementor-widget-heading .elementor-heading-title[class*=elementor-size-]>a{color:inherit;font-size:inherit;line-height:inherit}.elementor-widget-heading .elementor-heading-title.elementor-size-small{font-size:15px}.elementor-widget-heading .elementor-heading-title.elementor-size-medium{font-size:19px}.elementor-widget-heading .elementor-heading-title.elementor-size-large{font-size:29px}.elementor-widget-heading .elementor-heading-title.elementor-size-xl{font-size:39px}.elementor-widget-heading .elementor-heading-title.elementor-size-xxl{font-size:59px}<\/style><h1 class=\"elementor-heading-title elementor-size-default\">Nos services<\/h1>\t\t<\/div>\n\t\t\t\t<\/div>\n\t\t\t\t<div class=\"elementor-element elementor-element-3443fe1e elementor-invisible elementor-widget elementor-widget-heading\" data-id=\"3443fe1e\" data-element_type=\"widget\" data-settings=\"{&quot;_animation&quot;:&quot;fadeIn&quot;,&quot;_animation_delay&quot;:400}\" data-widget_type=\"heading.default\">\n\t\t\t\t<div class=\"elementor-widget-container\">\n\t\t\t<h2 class=\"elementor-heading-title elementor-size-default\">Afin de vous faciliter la navigation sur notre site, nous avons cr\u00e9e un submenu. <\/h2>\t\t<\/div>\n\t\t\t\t<\/div>\n\t\t\t\t<section class=\"elementor-section elementor-inner-section elementor-element elementor-element-1990fb1 elementor-section-boxed elementor-section-height-default elementor-section-height-default\" data-id=\"1990fb1\" data-element_type=\"section\">\n\t\t\t\t\t\t<div class=\"elementor-container elementor-column-gap-default\">\n\t\t\t\t\t<div class=\"elementor-column elementor-col-20 elementor-inner-column elementor-element elementor-element-a88ea5b\" data-id=\"a88ea5b\" data-element_type=\"column\">\n\t\t\t<div class=\"elementor-widget-wrap elementor-element-populated\">\n\t\t\t\t\t\t\t\t<div class=\"elementor-element elementor-element-0ad0615 elementor-widget elementor-widget-image\" data-id=\"0ad0615\" data-element_type=\"widget\" data-widget_type=\"image.default\">\n\t\t\t\t<div class=\"elementor-widget-container\">\n\t\t\t<style>\/*! elementor - v3.17.0 - 25-10-2023 *\/\n.elementor-widget-image{text-align:center}.elementor-widget-image a{display:inline-block}.elementor-widget-image a img[src$=\".svg\"]{width:48px}.elementor-widget-image img{vertical-align:middle;display:inline-block}<\/style>\t\t\t\t\t\t\t\t\t<figure class=\"wp-caption\">\n\t\t\t\t\t\t\t\t\t\t\t<a href=\"https:\/\/mdm-business-services.be\/nettoyage\/\" target=\"_blank\">\n\t\t\t\t\t\t\t<img loading=\"lazy\" decoding=\"async\" width=\"300\" height=\"251\" src=\"https:\/\/mdm-business-services.be\/wp-content\/uploads\/1-2-300x251.png\" class=\"attachment-medium size-medium wp-image-1351\" alt=\"\" srcset=\"https:\/\/mdm-business-services.be\/wp-content\/uploads\/1-2-300x251.png 300w, https:\/\/mdm-business-services.be\/wp-content\/uploads\/1-2-768x644.png 768w, https:\/\/mdm-business-services.be\/wp-content\/uploads\/1-2.png 940w\" sizes=\"auto, (max-width: 300px) 100vw, 300px\" \/>\t\t\t\t\t\t\t\t<\/a>\n\t\t\t\t\t\t\t\t\t\t\t<figcaption class=\"widget-image-caption wp-caption-text\">NETTOYAGE<\/figcaption>\n\t\t\t\t\t\t\t\t\t\t<\/figure>\n\t\t\t\t\t\t\t\t\t<\/div>\n\t\t\t\t<\/div>\n\t\t\t\t\t<\/div>\n\t\t<\/div>\n\t\t\t\t<div class=\"elementor-column elementor-col-20 elementor-inner-column elementor-element elementor-element-6477807\" data-id=\"6477807\" data-element_type=\"column\">\n\t\t\t<div class=\"elementor-widget-wrap elementor-element-populated\">\n\t\t\t\t\t\t\t\t<div class=\"elementor-element elementor-element-b4ee83f elementor-widget elementor-widget-image\" data-id=\"b4ee83f\" data-element_type=\"widget\" data-widget_type=\"image.default\">\n\t\t\t\t<div class=\"elementor-widget-container\">\n\t\t\t\t\t\t\t\t\t\t\t\t<figure class=\"wp-caption\">\n\t\t\t\t\t\t\t\t\t\t\t<a href=\"https:\/\/mdm-business-services.be\/lavage-de-vitres\/\" target=\"_blank\">\n\t\t\t\t\t\t\t<img loading=\"lazy\" decoding=\"async\" width=\"300\" height=\"251\" src=\"https:\/\/mdm-business-services.be\/wp-content\/uploads\/MDM-Nettoyage-vitres-nacelle-300x251.png\" class=\"attachment-medium size-medium wp-image-1346\" alt=\"\" srcset=\"https:\/\/mdm-business-services.be\/wp-content\/uploads\/MDM-Nettoyage-vitres-nacelle-300x251.png 300w, https:\/\/mdm-business-services.be\/wp-content\/uploads\/MDM-Nettoyage-vitres-nacelle-768x644.png 768w, https:\/\/mdm-business-services.be\/wp-content\/uploads\/MDM-Nettoyage-vitres-nacelle.png 940w\" sizes=\"auto, (max-width: 300px) 100vw, 300px\" \/>\t\t\t\t\t\t\t\t<\/a>\n\t\t\t\t\t\t\t\t\t\t\t<figcaption class=\"widget-image-caption wp-caption-text\">LAVAGE DE VITRES ET FACADES<\/figcaption>\n\t\t\t\t\t\t\t\t\t\t<\/figure>\n\t\t\t\t\t\t\t\t\t<\/div>\n\t\t\t\t<\/div>\n\t\t\t\t\t<\/div>\n\t\t<\/div>\n\t\t\t\t<div class=\"elementor-column elementor-col-20 elementor-inner-column elementor-element elementor-element-ff64e24\" data-id=\"ff64e24\" data-element_type=\"column\">\n\t\t\t<div class=\"elementor-widget-wrap elementor-element-populated\">\n\t\t\t\t\t\t\t\t<div class=\"elementor-element elementor-element-1352768 elementor-widget elementor-widget-image\" data-id=\"1352768\" data-element_type=\"widget\" data-widget_type=\"image.default\">\n\t\t\t\t<div class=\"elementor-widget-container\">\n\t\t\t\t\t\t\t\t\t\t\t\t<figure class=\"wp-caption\">\n\t\t\t\t\t\t\t\t\t\t\t<a href=\"https:\/\/mdm-business-services.be\/desinfection-par-nebulisation\/\" target=\"_blank\">\n\t\t\t\t\t\t\t<img loading=\"lazy\" decoding=\"async\" width=\"300\" height=\"251\" src=\"https:\/\/mdm-business-services.be\/wp-content\/uploads\/5-2-300x251.png\" class=\"attachment-medium size-medium wp-image-1616\" alt=\"\" srcset=\"https:\/\/mdm-business-services.be\/wp-content\/uploads\/5-2-300x251.png 300w, https:\/\/mdm-business-services.be\/wp-content\/uploads\/5-2-768x644.png 768w, https:\/\/mdm-business-services.be\/wp-content\/uploads\/5-2.png 940w\" sizes=\"auto, (max-width: 300px) 100vw, 300px\" \/>\t\t\t\t\t\t\t\t<\/a>\n\t\t\t\t\t\t\t\t\t\t\t<figcaption class=\"widget-image-caption wp-caption-text\">D\u00c9SINFECTION N\u00c9BULISATION<\/figcaption>\n\t\t\t\t\t\t\t\t\t\t<\/figure>\n\t\t\t\t\t\t\t\t\t<\/div>\n\t\t\t\t<\/div>\n\t\t\t\t\t<\/div>\n\t\t<\/div>\n\t\t\t\t<div class=\"elementor-column elementor-col-20 elementor-inner-column elementor-element elementor-element-157da70\" data-id=\"157da70\" data-element_type=\"column\">\n\t\t\t<div class=\"elementor-widget-wrap elementor-element-populated\">\n\t\t\t\t\t\t\t\t<div class=\"elementor-element elementor-element-a76178b elementor-widget elementor-widget-image\" data-id=\"a76178b\" data-element_type=\"widget\" data-widget_type=\"image.default\">\n\t\t\t\t<div class=\"elementor-widget-container\">\n\t\t\t\t\t\t\t\t\t\t\t\t<figure class=\"wp-caption\">\n\t\t\t\t\t\t\t\t\t\t\t<a href=\"https:\/\/mdm-business-services.be\/entretien-interieurs\/\" target=\"_blank\">\n\t\t\t\t\t\t\t<img loading=\"lazy\" decoding=\"async\" width=\"300\" height=\"251\" src=\"https:\/\/mdm-business-services.be\/wp-content\/uploads\/3-3-300x251.png\" class=\"attachment-medium size-medium wp-image-1364\" alt=\"\" srcset=\"https:\/\/mdm-business-services.be\/wp-content\/uploads\/3-3-300x251.png 300w, https:\/\/mdm-business-services.be\/wp-content\/uploads\/3-3-768x644.png 768w, https:\/\/mdm-business-services.be\/wp-content\/uploads\/3-3.png 940w\" sizes=\"auto, (max-width: 300px) 100vw, 300px\" \/>\t\t\t\t\t\t\t\t<\/a>\n\t\t\t\t\t\t\t\t\t\t\t<figcaption class=\"widget-image-caption wp-caption-text\">ENTRETIEN INT\u00c9RIEURS<\/figcaption>\n\t\t\t\t\t\t\t\t\t\t<\/figure>\n\t\t\t\t\t\t\t\t\t<\/div>\n\t\t\t\t<\/div>\n\t\t\t\t\t<\/div>\n\t\t<\/div>\n\t\t\t\t<div class=\"elementor-column elementor-col-20 elementor-inner-column elementor-element elementor-element-aaeda04\" data-id=\"aaeda04\" data-element_type=\"column\">\n\t\t\t<div class=\"elementor-widget-wrap elementor-element-populated\">\n\t\t\t\t\t\t\t\t<div class=\"elementor-element elementor-element-b095fd9 elementor-widget elementor-widget-image\" data-id=\"b095fd9\" data-element_type=\"widget\" data-widget_type=\"image.default\">\n\t\t\t\t<div class=\"elementor-widget-container\">\n\t\t\t\t\t\t\t\t\t\t\t\t<figure class=\"wp-caption\">\n\t\t\t\t\t\t\t\t\t\t\t<a href=\"https:\/\/mdm-business-services.be\/entretien-exterieurs\/\" target=\"_blank\">\n\t\t\t\t\t\t\t<img loading=\"lazy\" decoding=\"async\" width=\"300\" height=\"251\" src=\"https:\/\/mdm-business-services.be\/wp-content\/uploads\/3-4-300x251.png\" class=\"attachment-medium size-medium wp-image-1377\" alt=\"\" srcset=\"https:\/\/mdm-business-services.be\/wp-content\/uploads\/3-4-300x251.png 300w, https:\/\/mdm-business-services.be\/wp-content\/uploads\/3-4-768x644.png 768w, https:\/\/mdm-business-services.be\/wp-content\/uploads\/3-4.png 940w\" sizes=\"auto, (max-width: 300px) 100vw, 300px\" \/>\t\t\t\t\t\t\t\t<\/a>\n\t\t\t\t\t\t\t\t\t\t\t<figcaption class=\"widget-image-caption wp-caption-text\">ENTRETIEN EXT\u00c9RIEURS<\/figcaption>\n\t\t\t\t\t\t\t\t\t\t<\/figure>\n\t\t\t\t\t\t\t\t\t<\/div>\n\t\t\t\t<\/div>\n\t\t\t\t\t<\/div>\n\t\t<\/div>\n\t\t\t\t\t\t\t<\/div>\n\t\t<\/section>\n\t\t\t\t\t<\/div>\n\t\t<\/div>\n\t\t\t\t\t\t\t<\/div>\n\t\t<\/section>\n\t\t\t\t<section class=\"elementor-section elementor-top-section elementor-element elementor-element-624c2662 elementor-section-boxed elementor-section-height-default elementor-section-height-default\" data-id=\"624c2662\" data-element_type=\"section\">\n\t\t\t\t\t\t<div class=\"elementor-container elementor-column-gap-no\">\n\t\t\t\t\t<div class=\"elementor-column elementor-col-100 elementor-top-column elementor-element elementor-element-5450e193\" data-id=\"5450e193\" data-element_type=\"column\">\n\t\t\t<div class=\"elementor-widget-wrap\">\n\t\t\t\t\t\t\t\t\t<\/div>\n\t\t<\/div>\n\t\t\t\t\t\t\t<\/div>\n\t\t<\/section>\n\t\t\t\t<section class=\"elementor-section elementor-top-section elementor-element elementor-element-f9896d5 elementor-section-boxed elementor-section-height-default elementor-section-height-default\" data-id=\"f9896d5\" data-element_type=\"section\">\n\t\t\t\t\t\t<div class=\"elementor-container elementor-column-gap-default\">\n\t\t\t\t\t<div class=\"elementor-column elementor-col-100 elementor-top-column elementor-element elementor-element-87568d5\" data-id=\"87568d5\" data-element_type=\"column\">\n\t\t\t<div class=\"elementor-widget-wrap\">\n\t\t\t\t\t\t\t\t\t<\/div>\n\t\t<\/div>\n\t\t\t\t\t\t\t<\/div>\n\t\t<\/section>\n\t\t\t\t\t\t\t<\/div>\n\t\t","protected":false},"excerpt":{"rendered":"<p>Nos services Afin de vous faciliter la navigation sur notre site, nous avons cr\u00e9e un submenu. NETTOYAGE LAVAGE DE VITRES ET FACADES D\u00c9SINFECTION N\u00c9BULISATION ENTRETIEN INT\u00c9RIEURS ENTRETIEN EXT\u00c9RIEURS<\/p>\n","protected":false},"author":3,"featured_media":845,"parent":0,"menu_order":0,"comment_status":"closed","ping_status":"closed","template":"elementor_header_footer","meta":{"footnotes":""},"class_list":["post-833","page","type-page","status-publish","has-post-thumbnail","hentry"],"_links":{"self":[{"href":"https:\/\/mdm-business-services.be\/fr\/wp-json\/wp\/v2\/pages\/833","targetHints":{"allow":["GET"]}}],"collection":[{"href":"https:\/\/mdm-business-services.be\/fr\/wp-json\/wp\/v2\/pages"}],"about":[{"href":"https:\/\/mdm-business-services.be\/fr\/wp-json\/wp\/v2\/types\/page"}],"author":[{"embeddable":true,"href":"https:\/\/mdm-business-services.be\/fr\/wp-json\/wp\/v2\/users\/3"}],"replies":[{"embeddable":true,"href":"https:\/\/mdm-business-services.be\/fr\/wp-json\/wp\/v2\/comments?post=833"}],"version-history":[{"count":29,"href":"https:\/\/mdm-business-services.be\/fr\/wp-json\/wp\/v2\/pages\/833\/revisions"}],"predecessor-version":[{"id":1658,"href":"https:\/\/mdm-business-services.be\/fr\/wp-json\/wp\/v2\/pages\/833\/revisions\/1658"}],"wp:featuredmedia":[{"embeddable":true,"href":"https:\/\/mdm-business-services.be\/fr\/wp-json\/wp\/v2\/media\/845"}],"wp:attachment":[{"href":"https:\/\/mdm-business-services.be\/fr\/wp-json\/wp\/v2\/media?parent=833"}],"curies":[{"name":"wp","href":"https:\/\/api.w.org\/{rel}","templated":true}]}}