{"id":851,"date":"2023-09-29T09:24:00","date_gmt":"2023-09-29T09:24:00","guid":{"rendered":"https:\/\/mdm-business-services.be\/?page_id=851"},"modified":"2023-10-26T03:48:19","modified_gmt":"2023-10-26T03:48:19","slug":"home","status":"publish","type":"page","link":"https:\/\/mdm-business-services.be\/fr\/","title":{"rendered":"Accueil"},"content":{"rendered":"\t\t<div data-elementor-type=\"wp-page\" data-elementor-id=\"851\" class=\"elementor elementor-851\" data-elementor-post-type=\"page\">\n\t\t\t\t\t\t\t\t\t<section class=\"elementor-section elementor-top-section elementor-element elementor-element-4993b251 elementor-section-height-min-height elementor-section-items-stretch elementor-section-content-middle elementor-section-full_width elementor-section-height-default\" data-id=\"4993b251\" data-element_type=\"section\" data-settings=\"{&quot;background_background&quot;:&quot;classic&quot;}\">\n\t\t\t\t\t\t\t<div class=\"elementor-background-overlay\"><\/div>\n\t\t\t\t\t\t\t<div class=\"elementor-container elementor-column-gap-no\">\n\t\t\t\t\t<div class=\"elementor-column elementor-col-100 elementor-top-column elementor-element elementor-element-10c174a\" data-id=\"10c174a\" data-element_type=\"column\">\n\t\t\t<div class=\"elementor-widget-wrap elementor-element-populated\">\n\t\t\t\t\t\t\t\t<div class=\"elementor-element elementor-element-556756de elementor-invisible elementor-widget elementor-widget-heading\" data-id=\"556756de\" data-element_type=\"widget\" data-settings=\"{&quot;_animation&quot;:&quot;fadeIn&quot;}\" data-widget_type=\"heading.default\">\n\t\t\t\t<div class=\"elementor-widget-container\">\n\t\t\t<style>\/*! elementor - v3.17.0 - 25-10-2023 *\/\n.elementor-heading-title{padding:0;margin:0;line-height:1}.elementor-widget-heading .elementor-heading-title[class*=elementor-size-]>a{color:inherit;font-size:inherit;line-height:inherit}.elementor-widget-heading .elementor-heading-title.elementor-size-small{font-size:15px}.elementor-widget-heading .elementor-heading-title.elementor-size-medium{font-size:19px}.elementor-widget-heading .elementor-heading-title.elementor-size-large{font-size:29px}.elementor-widget-heading .elementor-heading-title.elementor-size-xl{font-size:39px}.elementor-widget-heading .elementor-heading-title.elementor-size-xxl{font-size:59px}<\/style><h1 class=\"elementor-heading-title elementor-size-default\">MDM \nBusiness & services<\/h1>\t\t<\/div>\n\t\t\t\t<\/div>\n\t\t\t\t<div class=\"elementor-element elementor-element-6e3f07eb elementor-invisible elementor-widget elementor-widget-heading\" data-id=\"6e3f07eb\" data-element_type=\"widget\" data-settings=\"{&quot;_animation&quot;:&quot;fadeIn&quot;}\" data-widget_type=\"heading.default\">\n\t\t\t\t<div class=\"elementor-widget-container\">\n\t\t\t<h5 class=\"elementor-heading-title elementor-size-default\">Votre partenaire de proximit\u00e9 pour toute maintenance et entretien de vos  b\u00e2timents et ext\u00e9rieurs.<\/h5>\t\t<\/div>\n\t\t\t\t<\/div>\n\t\t\t\t<div class=\"elementor-element elementor-element-4961afd8 elementor-align-center elementor-invisible elementor-widget elementor-widget-button\" data-id=\"4961afd8\" data-element_type=\"widget\" data-settings=\"{&quot;_animation&quot;:&quot;fadeIn&quot;,&quot;_animation_delay&quot;:400}\" data-widget_type=\"button.default\">\n\t\t\t\t<div class=\"elementor-widget-container\">\n\t\t\t\t\t<div class=\"elementor-button-wrapper\">\n\t\t\t<a class=\"elementor-button elementor-button-link elementor-size-sm\" href=\"https:\/\/mdm-business-services.be\/contact\/\" target=\"_blank\">\n\t\t\t\t\t\t<span class=\"elementor-button-content-wrapper\">\n\t\t\t\t\t\t<span class=\"elementor-button-text\">Contact<\/span>\n\t\t<\/span>\n\t\t\t\t\t<\/a>\n\t\t<\/div>\n\t\t\t\t<\/div>\n\t\t\t\t<\/div>\n\t\t\t\t\t<\/div>\n\t\t<\/div>\n\t\t\t\t\t\t\t<\/div>\n\t\t<\/section>\n\t\t\t\t<section class=\"elementor-section elementor-top-section elementor-element elementor-element-4e2d1a6 elementor-section-boxed elementor-section-height-default elementor-section-height-default\" data-id=\"4e2d1a6\" data-element_type=\"section\">\n\t\t\t\t\t\t<div class=\"elementor-container elementor-column-gap-default\">\n\t\t\t\t\t<div class=\"elementor-column elementor-col-100 elementor-top-column elementor-element elementor-element-6a125bd\" data-id=\"6a125bd\" data-element_type=\"column\">\n\t\t\t<div class=\"elementor-widget-wrap elementor-element-populated\">\n\t\t\t\t\t\t\t\t<div class=\"elementor-element elementor-element-feaf1ae elementor-widget elementor-widget-text-editor\" data-id=\"feaf1ae\" data-element_type=\"widget\" data-widget_type=\"text-editor.default\">\n\t\t\t\t<div class=\"elementor-widget-container\">\n\t\t\t<style>\/*! elementor - v3.17.0 - 25-10-2023 *\/\n.elementor-widget-text-editor.elementor-drop-cap-view-stacked .elementor-drop-cap{background-color:#69727d;color:#fff}.elementor-widget-text-editor.elementor-drop-cap-view-framed .elementor-drop-cap{color:#69727d;border:3px solid;background-color:transparent}.elementor-widget-text-editor:not(.elementor-drop-cap-view-default) .elementor-drop-cap{margin-top:8px}.elementor-widget-text-editor:not(.elementor-drop-cap-view-default) .elementor-drop-cap-letter{width:1em;height:1em}.elementor-widget-text-editor .elementor-drop-cap{float:left;text-align:center;line-height:1;font-size:50px}.elementor-widget-text-editor .elementor-drop-cap-letter{display:inline-block}<\/style>\t\t\t\t<p>Nous sommes ravis de vous partager les raisons principales pour lesquelles de nombreuses entreprises et instituons ont d\u00e9cid\u00e9 de collaborer avec nous:&nbsp;<\/p>\n<ul>\n<li><strong>\u00c9quipe exp\u00e9riment\u00e9e :<\/strong> Notre \u00e9quipe d\u00e9vou\u00e9e de professionnels apporte des ann\u00e9es d&rsquo;exp\u00e9rience et d&rsquo;expertise \u00e0 chaque projet. Vous pouvez compter sur notre savoir-faire et notre pr\u00e9cision.<\/li>\n<li><strong>Service tout-en-un :<\/strong> Nous offrons une solution compl\u00e8te pour le nettoyage, l&rsquo;entretien et les projets de construction. Avec nous, vous \u00eates assur\u00e9 d&rsquo;efficacit\u00e9 et de qualit\u00e9 sous un m\u00eame toit.<\/li>\n<li><strong>Approche ax\u00e9e sur le client :<\/strong> Votre satisfaction est notre priorit\u00e9. Nous \u00e9coutons vos besoins, adaptons nos services et fournissons des solutions sur mesure qui r\u00e9pondent \u00e0 vos attentes.<\/li>\n<li><strong>Durabilit\u00e9 :<\/strong> Nous nous engageons en faveur de pratiques respectueuses de l&rsquo;environnement et durables dans tous nos services. Notre engagement envers l&rsquo;entreprise verte contribue \u00e0 am\u00e9liorer votre espace tout en prot\u00e9geant notre plan\u00e8te.<\/li>\n<li><strong>Transparence :<\/strong> Avec nous, vous obtenez des tarifs clairs, pas de co\u00fbts cach\u00e9s et une communication r\u00e9guli\u00e8re. Vous savez toujours \u00e0 quoi vous attendre.<\/li>\n<\/ul>\n<div>&nbsp;<\/div>\n<p>Pourquoi chercher ailleurs lorsque vous avez besoin d&rsquo;un partenaire fiable pour tous vos besoins en nettoyage, entretien et construction ? D\u00e9couvrez d\u00e8s aujourd&rsquo;hui les avantages de collaborer avec <strong>MDM Business &amp; Services<\/strong>.&nbsp;<\/p>\n<p>Nous faisons de vos projets un succ\u00e8s, une mission \u00e0 la fois. &nbsp;<\/p>\t\t\t\t\t\t<\/div>\n\t\t\t\t<\/div>\n\t\t\t\t\t<\/div>\n\t\t<\/div>\n\t\t\t\t\t\t\t<\/div>\n\t\t<\/section>\n\t\t\t\t<section class=\"elementor-section elementor-top-section elementor-element elementor-element-5dece678 elementor-section-boxed elementor-section-height-default elementor-section-height-default\" data-id=\"5dece678\" data-element_type=\"section\">\n\t\t\t\t\t\t<div class=\"elementor-container elementor-column-gap-no\">\n\t\t\t\t\t<div class=\"elementor-column elementor-col-100 elementor-top-column elementor-element elementor-element-7d32b741\" data-id=\"7d32b741\" data-element_type=\"column\">\n\t\t\t<div class=\"elementor-widget-wrap elementor-element-populated\">\n\t\t\t\t\t\t\t\t<div class=\"elementor-element elementor-element-14cc8643 elementor-widget elementor-widget-heading\" data-id=\"14cc8643\" data-element_type=\"widget\" data-widget_type=\"heading.default\">\n\t\t\t\t<div class=\"elementor-widget-container\">\n\t\t\t<h2 class=\"elementor-heading-title elementor-size-default\">Nos services<\/h2>\t\t<\/div>\n\t\t\t\t<\/div>\n\t\t\t\t<div class=\"elementor-element elementor-element-46217bb4 elementor-widget elementor-widget-heading\" data-id=\"46217bb4\" data-element_type=\"widget\" data-widget_type=\"heading.default\">\n\t\t\t\t<div class=\"elementor-widget-container\">\n\t\t\t<h5 class=\"elementor-heading-title elementor-size-default\">Afin de vous permettre de vous focaliser pleinement sur votre c\u0153ur de m\u00e9tier, nous mettons \u00e0 votre disposition une large gamme de services qui garantissent un environnement int\u00e9rieur et ext\u00e9rieur accueillant et impeccable !<\/h5>\t\t<\/div>\n\t\t\t\t<\/div>\n\t\t\t\t<section class=\"elementor-section elementor-inner-section elementor-element elementor-element-33edb95 elementor-section-boxed elementor-section-height-default elementor-section-height-default\" data-id=\"33edb95\" data-element_type=\"section\">\n\t\t\t\t\t\t<div class=\"elementor-container elementor-column-gap-default\">\n\t\t\t\t\t<div class=\"elementor-column elementor-col-20 elementor-inner-column elementor-element elementor-element-4d3ec1d\" data-id=\"4d3ec1d\" data-element_type=\"column\">\n\t\t\t<div class=\"elementor-widget-wrap elementor-element-populated\">\n\t\t\t\t\t\t\t\t<div class=\"elementor-element elementor-element-104bc6af elementor-position-top elementor-widget elementor-widget-image-box\" data-id=\"104bc6af\" data-element_type=\"widget\" data-widget_type=\"image-box.default\">\n\t\t\t\t<div class=\"elementor-widget-container\">\n\t\t\t<style>\/*! elementor - v3.17.0 - 25-10-2023 *\/\n.elementor-widget-image-box .elementor-image-box-content{width:100%}@media (min-width:768px){.elementor-widget-image-box.elementor-position-left .elementor-image-box-wrapper,.elementor-widget-image-box.elementor-position-right .elementor-image-box-wrapper{display:flex}.elementor-widget-image-box.elementor-position-right .elementor-image-box-wrapper{text-align:right;flex-direction:row-reverse}.elementor-widget-image-box.elementor-position-left .elementor-image-box-wrapper{text-align:left;flex-direction:row}.elementor-widget-image-box.elementor-position-top .elementor-image-box-img{margin:auto}.elementor-widget-image-box.elementor-vertical-align-top .elementor-image-box-wrapper{align-items:flex-start}.elementor-widget-image-box.elementor-vertical-align-middle .elementor-image-box-wrapper{align-items:center}.elementor-widget-image-box.elementor-vertical-align-bottom .elementor-image-box-wrapper{align-items:flex-end}}@media (max-width:767px){.elementor-widget-image-box .elementor-image-box-img{margin-left:auto!important;margin-right:auto!important;margin-bottom:15px}}.elementor-widget-image-box .elementor-image-box-img{display:inline-block}.elementor-widget-image-box .elementor-image-box-title a{color:inherit}.elementor-widget-image-box .elementor-image-box-wrapper{text-align:center}.elementor-widget-image-box .elementor-image-box-description{margin:0}<\/style><div class=\"elementor-image-box-wrapper\"><figure class=\"elementor-image-box-img\"><a href=\"https:\/\/mdm-business-services.be\/nettoyage\/\" target=\"_blank\" tabindex=\"-1\"><img loading=\"lazy\" decoding=\"async\" width=\"940\" height=\"788\" src=\"https:\/\/mdm-business-services.be\/wp-content\/uploads\/MDM-Nettoyage-approfondi.png\" class=\"elementor-animation-grow attachment-full size-full wp-image-1357\" alt=\"\" srcset=\"https:\/\/mdm-business-services.be\/wp-content\/uploads\/MDM-Nettoyage-approfondi.png 940w, https:\/\/mdm-business-services.be\/wp-content\/uploads\/MDM-Nettoyage-approfondi-300x251.png 300w, https:\/\/mdm-business-services.be\/wp-content\/uploads\/MDM-Nettoyage-approfondi-768x644.png 768w\" sizes=\"auto, (max-width: 940px) 100vw, 940px\" \/><\/a><\/figure><div class=\"elementor-image-box-content\"><h4 class=\"elementor-image-box-title\"><a href=\"https:\/\/mdm-business-services.be\/nettoyage\/\" target=\"_blank\">Nettoyage <\/a><\/h4><p class=\"elementor-image-box-description\">La propret\u00e9 notre priorit\u00e9, pour un environnement impeccable \u00e0 chaque instant.<\/p><\/div><\/div>\t\t<\/div>\n\t\t\t\t<\/div>\n\t\t\t\t\t<\/div>\n\t\t<\/div>\n\t\t\t\t<div class=\"elementor-column elementor-col-20 elementor-inner-column elementor-element elementor-element-113d5b2\" data-id=\"113d5b2\" data-element_type=\"column\">\n\t\t\t<div class=\"elementor-widget-wrap elementor-element-populated\">\n\t\t\t\t\t\t\t\t<div class=\"elementor-element elementor-element-f9af2f7 elementor-position-top elementor-widget elementor-widget-image-box\" data-id=\"f9af2f7\" data-element_type=\"widget\" data-widget_type=\"image-box.default\">\n\t\t\t\t<div class=\"elementor-widget-container\">\n\t\t\t<div class=\"elementor-image-box-wrapper\"><figure class=\"elementor-image-box-img\"><a href=\"https:\/\/mdm-business-services.be\/lavage-de-vitres\/\" target=\"_blank\" tabindex=\"-1\"><img loading=\"lazy\" decoding=\"async\" width=\"940\" height=\"788\" src=\"https:\/\/mdm-business-services.be\/wp-content\/uploads\/2-2.png\" class=\"elementor-animation-grow attachment-full size-full wp-image-1338\" alt=\"\" srcset=\"https:\/\/mdm-business-services.be\/wp-content\/uploads\/2-2.png 940w, https:\/\/mdm-business-services.be\/wp-content\/uploads\/2-2-300x251.png 300w, https:\/\/mdm-business-services.be\/wp-content\/uploads\/2-2-768x644.png 768w\" sizes=\"auto, (max-width: 940px) 100vw, 940px\" \/><\/a><\/figure><div class=\"elementor-image-box-content\"><h4 class=\"elementor-image-box-title\"><a href=\"https:\/\/mdm-business-services.be\/lavage-de-vitres\/\" target=\"_blank\">Lavage de vitres<\/a><\/h4><p class=\"elementor-image-box-description\">Lavage de vitres et nettoyage de fa\u00e7ade : brillance immacul\u00e9e garantie.<\/p><\/div><\/div>\t\t<\/div>\n\t\t\t\t<\/div>\n\t\t\t\t\t<\/div>\n\t\t<\/div>\n\t\t\t\t<div class=\"elementor-column elementor-col-20 elementor-inner-column elementor-element elementor-element-81ee2aa\" data-id=\"81ee2aa\" data-element_type=\"column\">\n\t\t\t<div class=\"elementor-widget-wrap elementor-element-populated\">\n\t\t\t\t\t\t\t\t<div class=\"elementor-element elementor-element-19be9cc elementor-position-top elementor-widget elementor-widget-image-box\" data-id=\"19be9cc\" data-element_type=\"widget\" data-widget_type=\"image-box.default\">\n\t\t\t\t<div class=\"elementor-widget-container\">\n\t\t\t<div class=\"elementor-image-box-wrapper\"><figure class=\"elementor-image-box-img\"><a href=\"https:\/\/mdm-business-services.be\/desinfection-par-nebulisation\/\" target=\"_blank\" tabindex=\"-1\"><img loading=\"lazy\" decoding=\"async\" width=\"940\" height=\"788\" src=\"https:\/\/mdm-business-services.be\/wp-content\/uploads\/MDM-nebulisation.png\" class=\"elementor-animation-grow attachment-full size-full wp-image-1594\" alt=\"\" srcset=\"https:\/\/mdm-business-services.be\/wp-content\/uploads\/MDM-nebulisation.png 940w, https:\/\/mdm-business-services.be\/wp-content\/uploads\/MDM-nebulisation-300x251.png 300w, https:\/\/mdm-business-services.be\/wp-content\/uploads\/MDM-nebulisation-768x644.png 768w\" sizes=\"auto, (max-width: 940px) 100vw, 940px\" \/><\/a><\/figure><div class=\"elementor-image-box-content\"><h4 class=\"elementor-image-box-title\"><a href=\"https:\/\/mdm-business-services.be\/desinfection-par-nebulisation\/\" target=\"_blank\">D\u00e9sinfection N\u00e9bulisation<\/a><\/h4><p class=\"elementor-image-box-description\">Une d\u00e9sinfection pour la pr\u00e9vention de la propagation de bact\u00e9ries et de virus.<\/p><\/div><\/div>\t\t<\/div>\n\t\t\t\t<\/div>\n\t\t\t\t\t<\/div>\n\t\t<\/div>\n\t\t\t\t<div class=\"elementor-column elementor-col-20 elementor-inner-column elementor-element elementor-element-75622b1\" data-id=\"75622b1\" data-element_type=\"column\">\n\t\t\t<div class=\"elementor-widget-wrap elementor-element-populated\">\n\t\t\t\t\t\t\t\t<div class=\"elementor-element elementor-element-790757f elementor-position-top elementor-widget elementor-widget-image-box\" data-id=\"790757f\" data-element_type=\"widget\" data-widget_type=\"image-box.default\">\n\t\t\t\t<div class=\"elementor-widget-container\">\n\t\t\t<div class=\"elementor-image-box-wrapper\"><figure class=\"elementor-image-box-img\"><a href=\"https:\/\/mdm-business-services.be\/entretien-interieurs\/\" target=\"_blank\" tabindex=\"-1\"><img loading=\"lazy\" decoding=\"async\" width=\"940\" height=\"788\" src=\"https:\/\/mdm-business-services.be\/wp-content\/uploads\/MDM-renovation-interieur.png\" class=\"elementor-animation-grow attachment-full size-full wp-image-1420\" alt=\"\" srcset=\"https:\/\/mdm-business-services.be\/wp-content\/uploads\/MDM-renovation-interieur.png 940w, https:\/\/mdm-business-services.be\/wp-content\/uploads\/MDM-renovation-interieur-300x251.png 300w, https:\/\/mdm-business-services.be\/wp-content\/uploads\/MDM-renovation-interieur-768x644.png 768w\" sizes=\"auto, (max-width: 940px) 100vw, 940px\" \/><\/a><\/figure><div class=\"elementor-image-box-content\"><h4 class=\"elementor-image-box-title\"><a href=\"https:\/\/mdm-business-services.be\/entretien-interieurs\/\" target=\"_blank\">Travaux int\u00e9rieurs<\/a><\/h4><p class=\"elementor-image-box-description\">Des int\u00e9rieurs et espaces accueillants gr\u00e2ce \u00e0 notre expertise en embellissement.<\/p><\/div><\/div>\t\t<\/div>\n\t\t\t\t<\/div>\n\t\t\t\t\t<\/div>\n\t\t<\/div>\n\t\t\t\t<div class=\"elementor-column elementor-col-20 elementor-inner-column elementor-element elementor-element-8628f30\" data-id=\"8628f30\" data-element_type=\"column\">\n\t\t\t<div class=\"elementor-widget-wrap elementor-element-populated\">\n\t\t\t\t\t\t\t\t<div class=\"elementor-element elementor-element-53a79ba elementor-position-top elementor-widget elementor-widget-image-box\" data-id=\"53a79ba\" data-element_type=\"widget\" data-widget_type=\"image-box.default\">\n\t\t\t\t<div class=\"elementor-widget-container\">\n\t\t\t<div class=\"elementor-image-box-wrapper\"><figure class=\"elementor-image-box-img\"><a href=\"https:\/\/mdm-business-services.be\/entretien-exterieurs\/\" target=\"_blank\" tabindex=\"-1\"><img loading=\"lazy\" decoding=\"async\" width=\"940\" height=\"788\" src=\"https:\/\/mdm-business-services.be\/wp-content\/uploads\/3-4.png\" class=\"elementor-animation-grow attachment-full size-full wp-image-1377\" alt=\"\" srcset=\"https:\/\/mdm-business-services.be\/wp-content\/uploads\/3-4.png 940w, https:\/\/mdm-business-services.be\/wp-content\/uploads\/3-4-300x251.png 300w, https:\/\/mdm-business-services.be\/wp-content\/uploads\/3-4-768x644.png 768w\" sizes=\"auto, (max-width: 940px) 100vw, 940px\" \/><\/a><\/figure><div class=\"elementor-image-box-content\"><h4 class=\"elementor-image-box-title\"><a href=\"https:\/\/mdm-business-services.be\/entretien-exterieurs\/\" target=\"_blank\">entretien ext\u00e9rieur<\/a><\/h4><p class=\"elementor-image-box-description\">L'entretien r\u00e9gulier de vos ext\u00e9rieurs : la cl\u00e9 d'un accueil chaleureux !<\/p><\/div><\/div>\t\t<\/div>\n\t\t\t\t<\/div>\n\t\t\t\t\t<\/div>\n\t\t<\/div>\n\t\t\t\t\t\t\t<\/div>\n\t\t<\/section>\n\t\t\t\t<div class=\"elementor-element elementor-element-1bbb38ef elementor-align-center elementor-invisible elementor-widget elementor-widget-button\" data-id=\"1bbb38ef\" data-element_type=\"widget\" data-settings=\"{&quot;_animation&quot;:&quot;fadeIn&quot;}\" data-widget_type=\"button.default\">\n\t\t\t\t<div class=\"elementor-widget-container\">\n\t\t\t\t\t<div class=\"elementor-button-wrapper\">\n\t\t\t<a class=\"elementor-button elementor-button-link elementor-size-sm\" href=\"https:\/\/mdm-business-services.be\/contact\/\" target=\"_blank\">\n\t\t\t\t\t\t<span class=\"elementor-button-content-wrapper\">\n\t\t\t\t\t\t<span class=\"elementor-button-text\">Demande de devis<\/span>\n\t\t<\/span>\n\t\t\t\t\t<\/a>\n\t\t<\/div>\n\t\t\t\t<\/div>\n\t\t\t\t<\/div>\n\t\t\t\t\t<\/div>\n\t\t<\/div>\n\t\t\t\t\t\t\t<\/div>\n\t\t<\/section>\n\t\t\t\t<section class=\"elementor-section elementor-top-section elementor-element elementor-element-1ee260c elementor-section-boxed elementor-section-height-default elementor-section-height-default\" data-id=\"1ee260c\" data-element_type=\"section\">\n\t\t\t\t\t\t<div class=\"elementor-container elementor-column-gap-default\">\n\t\t\t\t\t<div class=\"elementor-column elementor-col-100 elementor-top-column elementor-element elementor-element-ec984a4\" data-id=\"ec984a4\" data-element_type=\"column\">\n\t\t\t<div class=\"elementor-widget-wrap elementor-element-populated\">\n\t\t\t\t\t\t\t\t<div class=\"elementor-element elementor-element-9dbbf86 elementor-widget elementor-widget-text-editor\" data-id=\"9dbbf86\" data-element_type=\"widget\" data-widget_type=\"text-editor.default\">\n\t\t\t\t<div class=\"elementor-widget-container\">\n\t\t\t\t\t\t\t<p>MDM<b> Business &amp; Services<\/b>, se profile comme &nbsp;v<span class=\"OYPEnA text-decoration-none text-strikethrough-none\">otre partenaire de proximit\u00e9 pour le nettoyage sp\u00e9cialis\u00e9 et la maintenance de locaux semi-industriels ou administratifs, de bureaux, d\u2019\u00e9coles, de centres commerciaux\u2026 Outre ces services g\u00e9n\u00e9raux, nous nous pr\u00e9sentons \u00e9galement comme votre alli\u00e9 de confiance pour tous vos travaux de construction et de r\u00e9novation ! <\/span><\/p>\n<p>Afin de pouvoir r\u00e9pondre \u00e0 vos attentes et besoins sp\u00e9cifiques et personnels, nos collaborateurs sont form\u00e9s \u00e0 base r\u00e9guli\u00e8re sur les diff\u00e9rentes techniques \u00e0 appliquer pour un service de qualit\u00e9.&nbsp;<\/p>\n<p><b>Jour apr\u00e8s jour et ce tout au long de leur carri\u00e8re.&nbsp;<\/b><\/p>\t\t\t\t\t\t<\/div>\n\t\t\t\t<\/div>\n\t\t\t\t\t<\/div>\n\t\t<\/div>\n\t\t\t\t\t\t\t<\/div>\n\t\t<\/section>\n\t\t\t\t<section class=\"elementor-section elementor-top-section elementor-element elementor-element-e94323f elementor-section-boxed elementor-section-height-default elementor-section-height-default\" data-id=\"e94323f\" data-element_type=\"section\">\n\t\t\t\t\t\t<div class=\"elementor-container elementor-column-gap-default\">\n\t\t\t\t\t<div class=\"elementor-column elementor-col-100 elementor-top-column elementor-element elementor-element-52e2873\" data-id=\"52e2873\" data-element_type=\"column\">\n\t\t\t<div class=\"elementor-widget-wrap elementor-element-populated\">\n\t\t\t\t\t\t\t\t<div class=\"elementor-element elementor-element-b160df4 elementor-widget elementor-widget-spacer\" data-id=\"b160df4\" data-element_type=\"widget\" data-widget_type=\"spacer.default\">\n\t\t\t\t<div class=\"elementor-widget-container\">\n\t\t\t<style>\/*! elementor - v3.17.0 - 25-10-2023 *\/\n.elementor-column .elementor-spacer-inner{height:var(--spacer-size)}.e-con{--container-widget-width:100%}.e-con-inner>.elementor-widget-spacer,.e-con>.elementor-widget-spacer{width:var(--container-widget-width,var(--spacer-size));--align-self:var(--container-widget-align-self,initial);--flex-shrink:0}.e-con-inner>.elementor-widget-spacer>.elementor-widget-container,.e-con>.elementor-widget-spacer>.elementor-widget-container{height:100%;width:100%}.e-con-inner>.elementor-widget-spacer>.elementor-widget-container>.elementor-spacer,.e-con>.elementor-widget-spacer>.elementor-widget-container>.elementor-spacer{height:100%}.e-con-inner>.elementor-widget-spacer>.elementor-widget-container>.elementor-spacer>.elementor-spacer-inner,.e-con>.elementor-widget-spacer>.elementor-widget-container>.elementor-spacer>.elementor-spacer-inner{height:var(--container-widget-height,var(--spacer-size))}.e-con-inner>.elementor-widget-spacer.elementor-widget-empty,.e-con>.elementor-widget-spacer.elementor-widget-empty{position:relative;min-height:22px;min-width:22px}.e-con-inner>.elementor-widget-spacer.elementor-widget-empty .elementor-widget-empty-icon,.e-con>.elementor-widget-spacer.elementor-widget-empty .elementor-widget-empty-icon{position:absolute;top:0;bottom:0;left:0;right:0;margin:auto;padding:0;width:22px;height:22px}<\/style>\t\t<div class=\"elementor-spacer\">\n\t\t\t<div class=\"elementor-spacer-inner\"><\/div>\n\t\t<\/div>\n\t\t\t\t<\/div>\n\t\t\t\t<\/div>\n\t\t\t\t\t<\/div>\n\t\t<\/div>\n\t\t\t\t\t\t\t<\/div>\n\t\t<\/section>\n\t\t\t\t\t\t\t<\/div>\n\t\t","protected":false},"excerpt":{"rendered":"<p>MDM Business &#038; services Votre partenaire de proximit\u00e9 pour toute maintenance et entretien de vos b\u00e2timents et ext\u00e9rieurs. Contact Nous sommes ravis de vous partager les raisons principales pour lesquelles de nombreuses entreprises et instituons ont d\u00e9cid\u00e9 de collaborer avec nous:&nbsp; \u00c9quipe exp\u00e9riment\u00e9e : Notre \u00e9quipe d\u00e9vou\u00e9e de professionnels apporte des ann\u00e9es d&rsquo;exp\u00e9rience et d&rsquo;expertise [&hellip;]<\/p>\n","protected":false},"author":3,"featured_media":857,"parent":0,"menu_order":0,"comment_status":"closed","ping_status":"closed","template":"elementor_header_footer","meta":{"footnotes":""},"class_list":["post-851","page","type-page","status-publish","has-post-thumbnail","hentry"],"_links":{"self":[{"href":"https:\/\/mdm-business-services.be\/fr\/wp-json\/wp\/v2\/pages\/851","targetHints":{"allow":["GET"]}}],"collection":[{"href":"https:\/\/mdm-business-services.be\/fr\/wp-json\/wp\/v2\/pages"}],"about":[{"href":"https:\/\/mdm-business-services.be\/fr\/wp-json\/wp\/v2\/types\/page"}],"author":[{"embeddable":true,"href":"https:\/\/mdm-business-services.be\/fr\/wp-json\/wp\/v2\/users\/3"}],"replies":[{"embeddable":true,"href":"https:\/\/mdm-business-services.be\/fr\/wp-json\/wp\/v2\/comments?post=851"}],"version-history":[{"count":131,"href":"https:\/\/mdm-business-services.be\/fr\/wp-json\/wp\/v2\/pages\/851\/revisions"}],"predecessor-version":[{"id":1777,"href":"https:\/\/mdm-business-services.be\/fr\/wp-json\/wp\/v2\/pages\/851\/revisions\/1777"}],"wp:featuredmedia":[{"embeddable":true,"href":"https:\/\/mdm-business-services.be\/fr\/wp-json\/wp\/v2\/media\/857"}],"wp:attachment":[{"href":"https:\/\/mdm-business-services.be\/fr\/wp-json\/wp\/v2\/media?parent=851"}],"curies":[{"name":"wp","href":"https:\/\/api.w.org\/{rel}","templated":true}]}}