{"id":957,"date":"2023-09-29T10:59:33","date_gmt":"2023-09-29T10:59:33","guid":{"rendered":"https:\/\/mdm-business-services.be\/?page_id=957"},"modified":"2023-10-24T10:14:51","modified_gmt":"2023-10-24T10:14:51","slug":"nettoyage","status":"publish","type":"page","link":"https:\/\/mdm-business-services.be\/fr\/nettoyage\/","title":{"rendered":"Nettoyage"},"content":{"rendered":"\t\t<div data-elementor-type=\"wp-page\" data-elementor-id=\"957\" class=\"elementor elementor-957\" data-elementor-post-type=\"page\">\n\t\t\t\t\t\t\t\t\t<section class=\"elementor-section elementor-top-section elementor-element elementor-element-11c8e2b6 elementor-section-height-min-height elementor-section-items-stretch elementor-section-content-middle elementor-section-boxed elementor-section-height-default\" data-id=\"11c8e2b6\" data-element_type=\"section\">\n\t\t\t\t\t\t<div class=\"elementor-container elementor-column-gap-no\">\n\t\t\t\t\t<div class=\"elementor-column elementor-col-100 elementor-top-column elementor-element elementor-element-db2082\" data-id=\"db2082\" data-element_type=\"column\">\n\t\t\t<div class=\"elementor-widget-wrap elementor-element-populated\">\n\t\t\t\t\t\t\t\t<div class=\"elementor-element elementor-element-40d9717d elementor-invisible elementor-widget elementor-widget-heading\" data-id=\"40d9717d\" data-element_type=\"widget\" data-settings=\"{&quot;_animation&quot;:&quot;fadeIn&quot;}\" data-widget_type=\"heading.default\">\n\t\t\t\t<div class=\"elementor-widget-container\">\n\t\t\t<style>\/*! elementor - v3.17.0 - 25-10-2023 *\/\n.elementor-heading-title{padding:0;margin:0;line-height:1}.elementor-widget-heading .elementor-heading-title[class*=elementor-size-]>a{color:inherit;font-size:inherit;line-height:inherit}.elementor-widget-heading .elementor-heading-title.elementor-size-small{font-size:15px}.elementor-widget-heading .elementor-heading-title.elementor-size-medium{font-size:19px}.elementor-widget-heading .elementor-heading-title.elementor-size-large{font-size:29px}.elementor-widget-heading .elementor-heading-title.elementor-size-xl{font-size:39px}.elementor-widget-heading .elementor-heading-title.elementor-size-xxl{font-size:59px}<\/style><h1 class=\"elementor-heading-title elementor-size-default\">Nettoyage et entretien r\u00e9gulier<\/h1>\t\t<\/div>\n\t\t\t\t<\/div>\n\t\t\t\t<div class=\"elementor-element elementor-element-3443fe1e elementor-invisible elementor-widget elementor-widget-heading\" data-id=\"3443fe1e\" data-element_type=\"widget\" data-settings=\"{&quot;_animation&quot;:&quot;fadeIn&quot;,&quot;_animation_delay&quot;:400}\" data-widget_type=\"heading.default\">\n\t\t\t\t<div class=\"elementor-widget-container\">\n\t\t\t<h2 class=\"elementor-heading-title elementor-size-default\">Votre partenaire de confiance pour des services de nettoyage de haute qualit\u00e9, forts d'une vaste exp\u00e9rience et d'un engagement envers la pr\u00e9servation de l'environnement. <br>Nous comprenons l'importance d'un environnement propre et sain, que ce soit pour vos, bureaux,  espaces de travail ou votre domicile.\n<\/h2>\t\t<\/div>\n\t\t\t\t<\/div>\n\t\t\t\t\t<\/div>\n\t\t<\/div>\n\t\t\t\t\t\t\t<\/div>\n\t\t<\/section>\n\t\t\t\t<section class=\"elementor-section elementor-top-section elementor-element elementor-element-28bc0567 elementor-section-full_width elementor-section-height-min-height elementor-section-items-stretch elementor-section-content-middle elementor-section-height-default\" data-id=\"28bc0567\" data-element_type=\"section\">\n\t\t\t\t\t\t<div class=\"elementor-container elementor-column-gap-no\">\n\t\t\t\t\t<div class=\"elementor-column elementor-col-100 elementor-top-column elementor-element elementor-element-19f6782f\" data-id=\"19f6782f\" data-element_type=\"column\" data-settings=\"{&quot;background_background&quot;:&quot;classic&quot;}\">\n\t\t\t<div class=\"elementor-widget-wrap\">\n\t\t\t\t\t\t\t\t\t<\/div>\n\t\t<\/div>\n\t\t\t\t\t\t\t<\/div>\n\t\t<\/section>\n\t\t\t\t<section class=\"elementor-section elementor-top-section elementor-element elementor-element-743d09c0 elementor-section-content-middle elementor-section-boxed elementor-section-height-default elementor-section-height-default\" data-id=\"743d09c0\" data-element_type=\"section\" data-settings=\"{&quot;background_background&quot;:&quot;classic&quot;}\">\n\t\t\t\t\t\t<div class=\"elementor-container elementor-column-gap-no\">\n\t\t\t\t\t<div class=\"elementor-column elementor-col-25 elementor-top-column elementor-element elementor-element-2512e5a4\" data-id=\"2512e5a4\" data-element_type=\"column\">\n\t\t\t<div class=\"elementor-widget-wrap elementor-element-populated\">\n\t\t\t\t\t\t\t\t<div class=\"elementor-element elementor-element-b4f255f elementor-widget elementor-widget-tp-blockquote\" data-id=\"b4f255f\" data-element_type=\"widget\" data-widget_type=\"tp-blockquote.default\">\n\t\t\t\t<div class=\"elementor-widget-container\">\n\t\t\t<div class=\"pt-plus-text-block-wrapper\" ><div class=\"text_block_parallax\"><div class=\"plus_blockquote quote-style-1   none \" ><blockquote class=\"quote-text\"><span class=\"tp-bq-desc\"><p>\"Pour nous, le nettoyage c'est la sant\u00e9.\"<\/p><\/span><\/blockquote><\/div><\/div><\/div>\t\t<\/div>\n\t\t\t\t<\/div>\n\t\t\t\t<div class=\"elementor-element elementor-element-288786d1 elementor-widget__width-initial elementor-widget elementor-widget-text-editor\" data-id=\"288786d1\" data-element_type=\"widget\" data-widget_type=\"text-editor.default\">\n\t\t\t\t<div class=\"elementor-widget-container\">\n\t\t\t<style>\/*! elementor - v3.17.0 - 25-10-2023 *\/\n.elementor-widget-text-editor.elementor-drop-cap-view-stacked .elementor-drop-cap{background-color:#69727d;color:#fff}.elementor-widget-text-editor.elementor-drop-cap-view-framed .elementor-drop-cap{color:#69727d;border:3px solid;background-color:transparent}.elementor-widget-text-editor:not(.elementor-drop-cap-view-default) .elementor-drop-cap{margin-top:8px}.elementor-widget-text-editor:not(.elementor-drop-cap-view-default) .elementor-drop-cap-letter{width:1em;height:1em}.elementor-widget-text-editor .elementor-drop-cap{float:left;text-align:center;line-height:1;font-size:50px}.elementor-widget-text-editor .elementor-drop-cap-letter{display:inline-block}<\/style>\t\t\t\t<p class=\"selectable-text copyable-text iq0m558w g0rxnol2\" dir=\"ltr\"><span class=\"selectable-text copyable-text\"><strong>MDM Business &amp; Services<\/strong>, c&rsquo;est votre <strong>partenaire<\/strong> de confiance pour des services de nettoyage de haute <strong>qualit\u00e9<\/strong>, forte d&rsquo;une vaste <strong>exp\u00e9rience<\/strong> et d&rsquo;un <strong>engagement<\/strong> envers la pr\u00e9servation de l\u2019<strong>environnement<\/strong>.<\/span><\/p>\n<p class=\"selectable-text copyable-text iq0m558w g0rxnol2\" dir=\"ltr\"><span class=\"selectable-text copyable-text\">Nous comprenons l&rsquo;importance d&rsquo;un environnement propre et sain, que ce soit pour vos <strong>bureaux, espaces publics ou votre domicile<\/strong>. Forts d&rsquo;une solide exp\u00e9rience acquise au fil des ann\u00e9es, nous sommes fiers de vous offrir une gamme compl\u00e8te de services de nettoyage adapt\u00e9s \u00e0 vos besoins sp\u00e9cifiques.<\/span><\/p>\n<p class=\"selectable-text copyable-text iq0m558w g0rxnol2\" dir=\"ltr\"><span class=\"selectable-text copyable-text\"><strong>Expertise in\u00e9gal\u00e9e<\/strong> : Notre \u00e9quipe de professionnels chevronn\u00e9s a travaill\u00e9 au sein de nombreuses soci\u00e9t\u00e9s de renom et pour des instances publiques, accumulant une expertise in\u00e9gal\u00e9e dans le domaine du nettoyage. Nous sommes constamment form\u00e9s aux derni\u00e8res technologies et aux meilleures pratiques pour vous offrir des services de pointe.<\/span><\/p>\n<p class=\"selectable-text copyable-text iq0m558w g0rxnol2\" dir=\"ltr\"><span class=\"selectable-text copyable-text\"><strong>Engagement<\/strong> <strong>environnemental<\/strong> : nous croyons en la responsabilit\u00e9 environnementale. C&rsquo;est pourquoi nous utilisons des produits de nettoyage respectueux de l&rsquo;environnement, des m\u00e9thodes durables et une gestion \u00e9coresponsable des d\u00e9chets. Nous nous engageons \u00e0 minimiser notre impact sur la plan\u00e8te tout en vous offrant des r\u00e9sultats impeccables.<\/span><\/p>\n<p class=\"selectable-text copyable-text iq0m558w g0rxnol2\" dir=\"ltr\"><span class=\"selectable-text copyable-text\"><strong>Nos services incluent entre autres<\/strong> : Nettoyage des bureaux, , la conciergerie, entretien des espaces communs, nettoyage suite incident ou avant remise de chantier, \u2026 Plus d&rsquo;informations au bas de cette page.&nbsp;<\/span><\/p>\n<p class=\"selectable-text copyable-text iq0m558w g0rxnol2\" dir=\"ltr\"><span class=\"selectable-text copyable-text\">Nous nous engageons \u00e0 surpasser vos attentes en mati\u00e8re de nettoyage, tout en pr\u00e9servant l&rsquo;environnement qui nous entoure. Faites-nous confiance pour des services de nettoyage de qualit\u00e9 sup\u00e9rieure, soutenus par notre expertise et notre souci de l&rsquo;environnement.<\/span><\/p>\t\t\t\t\t\t<\/div>\n\t\t\t\t<\/div>\n\t\t\t\t<div class=\"elementor-element elementor-element-1c242b67 elementor-tablet-align-center elementor-invisible elementor-widget elementor-widget-button\" data-id=\"1c242b67\" data-element_type=\"widget\" data-settings=\"{&quot;_animation&quot;:&quot;fadeIn&quot;}\" data-widget_type=\"button.default\">\n\t\t\t\t<div class=\"elementor-widget-container\">\n\t\t\t\t\t<div class=\"elementor-button-wrapper\">\n\t\t\t<a class=\"elementor-button elementor-button-link elementor-size-sm\" href=\"https:\/\/mdm-business-services.be\/contact\/\" target=\"_blank\">\n\t\t\t\t\t\t<span class=\"elementor-button-content-wrapper\">\n\t\t\t\t\t\t<span class=\"elementor-button-text\">Contactez nous pour un devis sur mesure<\/span>\n\t\t<\/span>\n\t\t\t\t\t<\/a>\n\t\t<\/div>\n\t\t\t\t<\/div>\n\t\t\t\t<\/div>\n\t\t\t\t\t<\/div>\n\t\t<\/div>\n\t\t\t\t<div class=\"elementor-column elementor-col-50 elementor-top-column elementor-element elementor-element-4523c75c\" data-id=\"4523c75c\" data-element_type=\"column\" data-settings=\"{&quot;background_background&quot;:&quot;classic&quot;}\">\n\t\t\t<div class=\"elementor-widget-wrap elementor-element-populated\">\n\t\t\t\t\t\t\t\t<div class=\"elementor-element elementor-element-0e5ea7d elementor-skin-carousel elementor-arrows-yes elementor-pagination-type-bullets elementor-pagination-position-outside elementor-widget elementor-widget-media-carousel\" data-id=\"0e5ea7d\" data-element_type=\"widget\" data-settings=\"{&quot;slides_per_view&quot;:&quot;1&quot;,&quot;skin&quot;:&quot;carousel&quot;,&quot;effect&quot;:&quot;slide&quot;,&quot;show_arrows&quot;:&quot;yes&quot;,&quot;pagination&quot;:&quot;bullets&quot;,&quot;speed&quot;:500,&quot;autoplay&quot;:&quot;yes&quot;,&quot;autoplay_speed&quot;:5000,&quot;loop&quot;:&quot;yes&quot;,&quot;pause_on_hover&quot;:&quot;yes&quot;,&quot;pause_on_interaction&quot;:&quot;yes&quot;,&quot;space_between&quot;:{&quot;unit&quot;:&quot;px&quot;,&quot;size&quot;:10,&quot;sizes&quot;:[]},&quot;space_between_tablet&quot;:{&quot;unit&quot;:&quot;px&quot;,&quot;size&quot;:10,&quot;sizes&quot;:[]},&quot;space_between_mobile&quot;:{&quot;unit&quot;:&quot;px&quot;,&quot;size&quot;:10,&quot;sizes&quot;:[]}}\" data-widget_type=\"media-carousel.default\">\n\t\t\t\t<div class=\"elementor-widget-container\">\n\t\t\t<link rel=\"stylesheet\" href=\"https:\/\/mdm-business-services.be\/wp-content\/plugins\/elementor-pro\/assets\/css\/widget-carousel.min.css\">\t\t<div class=\"elementor-swiper\">\n\t\t\t<div class=\"elementor-main-swiper swiper-container\">\n\t\t\t\t<div class=\"swiper-wrapper\">\n\t\t\t\t\t\t\t\t\t\t\t<div class=\"swiper-slide\">\n\t\t\t\t\t\t\t\t\t<div class=\"elementor-carousel-image\" role=\"img\" aria-label=\"22\" style=\"background-image: url(&#039;https:\/\/mdm-business-services.be\/wp-content\/uploads\/22.png&#039;)\">\n\n\t\t\t\n\t\t\t\t\t<\/div>\n\t\t\t\t\t\t\t\t<\/div>\n\t\t\t\t\t\t\t\t\t\t\t<div class=\"swiper-slide\">\n\t\t\t\t\t\t\t\t\t<div class=\"elementor-carousel-image\" role=\"img\" aria-label=\"20\" style=\"background-image: url(&#039;https:\/\/mdm-business-services.be\/wp-content\/uploads\/20.png&#039;)\">\n\n\t\t\t\n\t\t\t\t\t<\/div>\n\t\t\t\t\t\t\t\t<\/div>\n\t\t\t\t\t\t\t\t\t\t\t<div class=\"swiper-slide\">\n\t\t\t\t\t\t\t\t\t<div class=\"elementor-carousel-image\" role=\"img\" aria-label=\"21\" style=\"background-image: url(&#039;https:\/\/mdm-business-services.be\/wp-content\/uploads\/21.png&#039;)\">\n\n\t\t\t\n\t\t\t\t\t<\/div>\n\t\t\t\t\t\t\t\t<\/div>\n\t\t\t\t\t\t\t\t\t\t\t<div class=\"swiper-slide\">\n\t\t\t\t\t\t\t\t\t<div class=\"elementor-carousel-image\" role=\"img\" aria-label=\"23\" style=\"background-image: url(&#039;https:\/\/mdm-business-services.be\/wp-content\/uploads\/23.png&#039;)\">\n\n\t\t\t\n\t\t\t\t\t<\/div>\n\t\t\t\t\t\t\t\t<\/div>\n\t\t\t\t\t\t\t\t\t\t\t<div class=\"swiper-slide\">\n\t\t\t\t\t\t\t\t\t<div class=\"elementor-carousel-image\" role=\"img\" aria-label=\"MDM Nettoyage approfondi\" style=\"background-image: url(&#039;https:\/\/mdm-business-services.be\/wp-content\/uploads\/MDM-Nettoyage-approfondi.png&#039;)\">\n\n\t\t\t\n\t\t\t\t\t<\/div>\n\t\t\t\t\t\t\t\t<\/div>\n\t\t\t\t\t\t\t\t\t<\/div>\n\t\t\t\t\t\t\t\t\t\t\t\t\t\t\t<div class=\"swiper-pagination\"><\/div>\n\t\t\t\t\t\t\t\t\t\t\t\t\t\t\t\t<div class=\"elementor-swiper-button elementor-swiper-button-prev\" role=\"button\" tabindex=\"0\">\n\t\t\t\t\t\t\t<i aria-hidden=\"true\" class=\"eicon-chevron-left\"><\/i>\t\t\t\t\t\t\t<span class=\"elementor-screen-only\">Previous<\/span>\n\t\t\t\t\t\t<\/div>\n\t\t\t\t\t\t<div class=\"elementor-swiper-button elementor-swiper-button-next\" role=\"button\" tabindex=\"0\">\n\t\t\t\t\t\t\t<i aria-hidden=\"true\" class=\"eicon-chevron-right\"><\/i>\t\t\t\t\t\t\t<span class=\"elementor-screen-only\">Next<\/span>\n\t\t\t\t\t\t<\/div>\n\t\t\t\t\t\t\t\t\t\t\t\t<\/div>\n\t\t<\/div>\n\t\t\t\t<\/div>\n\t\t\t\t<\/div>\n\t\t\t\t\t<\/div>\n\t\t<\/div>\n\t\t\t\t<div class=\"elementor-column elementor-col-25 elementor-top-column elementor-element elementor-element-7030a305\" data-id=\"7030a305\" data-element_type=\"column\" data-settings=\"{&quot;background_background&quot;:&quot;classic&quot;}\">\n\t\t\t<div class=\"elementor-widget-wrap\">\n\t\t\t\t\t\t\t\t\t<\/div>\n\t\t<\/div>\n\t\t\t\t\t\t\t<\/div>\n\t\t<\/section>\n\t\t\t\t<section class=\"elementor-section elementor-top-section elementor-element elementor-element-5379af0 elementor-section-boxed elementor-section-height-default elementor-section-height-default\" data-id=\"5379af0\" data-element_type=\"section\">\n\t\t\t\t\t\t<div class=\"elementor-container elementor-column-gap-default\">\n\t\t\t\t\t<div class=\"elementor-column elementor-col-100 elementor-top-column elementor-element elementor-element-1c737eb\" data-id=\"1c737eb\" data-element_type=\"column\">\n\t\t\t<div class=\"elementor-widget-wrap elementor-element-populated\">\n\t\t\t\t\t\t\t\t<div class=\"elementor-element elementor-element-d4dea6a elementor-widget elementor-widget-spacer\" data-id=\"d4dea6a\" data-element_type=\"widget\" data-widget_type=\"spacer.default\">\n\t\t\t\t<div class=\"elementor-widget-container\">\n\t\t\t<style>\/*! elementor - v3.17.0 - 25-10-2023 *\/\n.elementor-column .elementor-spacer-inner{height:var(--spacer-size)}.e-con{--container-widget-width:100%}.e-con-inner>.elementor-widget-spacer,.e-con>.elementor-widget-spacer{width:var(--container-widget-width,var(--spacer-size));--align-self:var(--container-widget-align-self,initial);--flex-shrink:0}.e-con-inner>.elementor-widget-spacer>.elementor-widget-container,.e-con>.elementor-widget-spacer>.elementor-widget-container{height:100%;width:100%}.e-con-inner>.elementor-widget-spacer>.elementor-widget-container>.elementor-spacer,.e-con>.elementor-widget-spacer>.elementor-widget-container>.elementor-spacer{height:100%}.e-con-inner>.elementor-widget-spacer>.elementor-widget-container>.elementor-spacer>.elementor-spacer-inner,.e-con>.elementor-widget-spacer>.elementor-widget-container>.elementor-spacer>.elementor-spacer-inner{height:var(--container-widget-height,var(--spacer-size))}.e-con-inner>.elementor-widget-spacer.elementor-widget-empty,.e-con>.elementor-widget-spacer.elementor-widget-empty{position:relative;min-height:22px;min-width:22px}.e-con-inner>.elementor-widget-spacer.elementor-widget-empty .elementor-widget-empty-icon,.e-con>.elementor-widget-spacer.elementor-widget-empty .elementor-widget-empty-icon{position:absolute;top:0;bottom:0;left:0;right:0;margin:auto;padding:0;width:22px;height:22px}<\/style>\t\t<div class=\"elementor-spacer\">\n\t\t\t<div class=\"elementor-spacer-inner\"><\/div>\n\t\t<\/div>\n\t\t\t\t<\/div>\n\t\t\t\t<\/div>\n\t\t\t\t<div class=\"elementor-element elementor-element-889f2de elementor-widget elementor-widget-text-editor\" data-id=\"889f2de\" data-element_type=\"widget\" data-widget_type=\"text-editor.default\">\n\t\t\t\t<div class=\"elementor-widget-container\">\n\t\t\t\t\t\t\t<p>Forts d&rsquo;une solide exp\u00e9rience acquise au fil des ann\u00e9es, nous sommes fiers de vous offrir une gamme compl\u00e8te de services de nettoyage adapt\u00e9s \u00e0 vos besoins sp\u00e9cifiques.<\/p>\n<p>Notre \u00e9quipe de professionnels chevronn\u00e9s a travaill\u00e9 au sein de nombreuses soci\u00e9t\u00e9s de renom et pour des instances publiques, accumulant une expertise in\u00e9gal\u00e9e dans le domaine du nettoyage. Nous sommes constamment form\u00e9s aux derni\u00e8res technologies et aux meilleures pratiques pour vous offrir des services de pointe.<\/p>\n<p>Chez <strong>MDM Business &amp; Services<\/strong>, nous croyons en la responsabilit\u00e9 environnementale. C&rsquo;est pourquoi nous utilisons des produits de nettoyage respectueux de l&rsquo;environnement, des m\u00e9thodes durables et une gestion \u00e9coresponsable des d\u00e9chets. Nous nous engageons \u00e0 minimiser notre impact sur la plan\u00e8te tout en vous offrant des r\u00e9sultats impeccables.<\/p>\n<p>Nos services de nettoyage int\u00e9rieur couvrent une gamme compl\u00e8te de prestations pour assurer la propret\u00e9 de vos espaces int\u00e9rieurs :<\/p>\n<ul>\n<li><strong>Sols, murs, vitres et ch\u00e2ssis :<\/strong> Nos \u00e9quipes exp\u00e9riment\u00e9es prennent en charge le nettoyage complet de vos sols, murs, vitres et ch\u00e2ssis pour garantir un int\u00e9rieur impeccable.<\/li>\n<li><strong>Sanitaires et mobilier :<\/strong> Nous assurons l&rsquo;entretien approfondi de vos sanitaires, mobiliers, et kitchenettes, avec des services de d\u00e9sinfection et de d\u00e9sodorisation.<\/li>\n<li><strong>\u00c9clairage et plafonds :<\/strong> Nos professionnels veillent \u00e0 l&rsquo;entretien de l&rsquo;\u00e9clairage et des plafonds pour maintenir un environnement lumineux et accueillant.<\/li>\n<li><strong>Divers services de nettoyage et d&rsquo;entretien :<\/strong> Notre offre comprend la conciergerie, le d\u00e9barras de locaux, le nettoyage en fin de chantier ou avant \u00e9tat des lieux, la d\u00e9sinfection de locaux, le nettoyage des tapis, le traitement approfondi des sols, le nettoyage apr\u00e8s l&rsquo;organisation d&rsquo;\u00e9v\u00e9nements ou de r\u00e9ceptions, ainsi que des services de nettoyage en situation d&rsquo;urgence.<\/li>\n<li><strong>Entretien des espaces communs<\/strong> : En tant que partenaire de confiance des CPAS et syndics, nous sommes d\u00e9di\u00e9s \u00e0 l&rsquo;entretien m\u00e9ticuleux des espaces communs.<\/li>\n<\/ul><div><br><\/div>\n<p><strong>Nous veillons \u00e0 ce que chaque espace refl\u00e8te la propret\u00e9, la s\u00e9curit\u00e9 et le bien-\u00eatre, contribuant ainsi \u00e0 cr\u00e9er une atmosph\u00e8re accueillante pour tous.&nbsp;<\/strong><\/p>\t\t\t\t\t\t<\/div>\n\t\t\t\t<\/div>\n\t\t\t\t<div class=\"elementor-element elementor-element-82c2921 elementor-widget elementor-widget-spacer\" data-id=\"82c2921\" data-element_type=\"widget\" data-widget_type=\"spacer.default\">\n\t\t\t\t<div class=\"elementor-widget-container\">\n\t\t\t\t\t<div class=\"elementor-spacer\">\n\t\t\t<div class=\"elementor-spacer-inner\"><\/div>\n\t\t<\/div>\n\t\t\t\t<\/div>\n\t\t\t\t<\/div>\n\t\t\t\t<div class=\"elementor-element elementor-element-1e39094 elementor-align-center elementor-widget elementor-widget-button\" data-id=\"1e39094\" data-element_type=\"widget\" data-widget_type=\"button.default\">\n\t\t\t\t<div class=\"elementor-widget-container\">\n\t\t\t\t\t<div class=\"elementor-button-wrapper\">\n\t\t\t<a class=\"elementor-button elementor-button-link elementor-size-sm\" href=\"https:\/\/mdm-business-services.be\/contact\/\" target=\"_blank\">\n\t\t\t\t\t\t<span class=\"elementor-button-content-wrapper\">\n\t\t\t\t\t\t<span class=\"elementor-button-text\">Demande de Devis<\/span>\n\t\t<\/span>\n\t\t\t\t\t<\/a>\n\t\t<\/div>\n\t\t\t\t<\/div>\n\t\t\t\t<\/div>\n\t\t\t\t<div class=\"elementor-element elementor-element-5642283 elementor-widget elementor-widget-spacer\" data-id=\"5642283\" data-element_type=\"widget\" data-widget_type=\"spacer.default\">\n\t\t\t\t<div class=\"elementor-widget-container\">\n\t\t\t\t\t<div class=\"elementor-spacer\">\n\t\t\t<div class=\"elementor-spacer-inner\"><\/div>\n\t\t<\/div>\n\t\t\t\t<\/div>\n\t\t\t\t<\/div>\n\t\t\t\t\t<\/div>\n\t\t<\/div>\n\t\t\t\t\t\t\t<\/div>\n\t\t<\/section>\n\t\t\t\t\t\t\t<\/div>\n\t\t","protected":false},"excerpt":{"rendered":"<p>Nettoyage et entretien r\u00e9gulier Votre partenaire de confiance pour des services de nettoyage de haute qualit\u00e9, forts d&rsquo;une vaste exp\u00e9rience et d&rsquo;un engagement envers la pr\u00e9servation de l&rsquo;environnement. Nous comprenons l&rsquo;importance d&rsquo;un environnement propre et sain, que ce soit pour vos, bureaux, espaces de travail ou votre domicile. \u00ab\u00a0Pour nous, le nettoyage c&rsquo;est la sant\u00e9.\u00a0\u00bb [&hellip;]<\/p>\n","protected":false},"author":3,"featured_media":845,"parent":0,"menu_order":0,"comment_status":"closed","ping_status":"closed","template":"elementor_header_footer","meta":{"footnotes":""},"class_list":["post-957","page","type-page","status-publish","has-post-thumbnail","hentry"],"_links":{"self":[{"href":"https:\/\/mdm-business-services.be\/fr\/wp-json\/wp\/v2\/pages\/957","targetHints":{"allow":["GET"]}}],"collection":[{"href":"https:\/\/mdm-business-services.be\/fr\/wp-json\/wp\/v2\/pages"}],"about":[{"href":"https:\/\/mdm-business-services.be\/fr\/wp-json\/wp\/v2\/types\/page"}],"author":[{"embeddable":true,"href":"https:\/\/mdm-business-services.be\/fr\/wp-json\/wp\/v2\/users\/3"}],"replies":[{"embeddable":true,"href":"https:\/\/mdm-business-services.be\/fr\/wp-json\/wp\/v2\/comments?post=957"}],"version-history":[{"count":55,"href":"https:\/\/mdm-business-services.be\/fr\/wp-json\/wp\/v2\/pages\/957\/revisions"}],"predecessor-version":[{"id":1758,"href":"https:\/\/mdm-business-services.be\/fr\/wp-json\/wp\/v2\/pages\/957\/revisions\/1758"}],"wp:featuredmedia":[{"embeddable":true,"href":"https:\/\/mdm-business-services.be\/fr\/wp-json\/wp\/v2\/media\/845"}],"wp:attachment":[{"href":"https:\/\/mdm-business-services.be\/fr\/wp-json\/wp\/v2\/media?parent=957"}],"curies":[{"name":"wp","href":"https:\/\/api.w.org\/{rel}","templated":true}]}}