{"id":967,"date":"2023-09-29T11:31:06","date_gmt":"2023-09-29T11:31:06","guid":{"rendered":"https:\/\/mdm-business-services.be\/?page_id=967"},"modified":"2023-10-24T10:15:40","modified_gmt":"2023-10-24T10:15:40","slug":"travaux-interieurs","status":"publish","type":"page","link":"https:\/\/mdm-business-services.be\/fr\/travaux-interieurs\/","title":{"rendered":"Travaux Int\u00e9rieurs"},"content":{"rendered":"\t\t<div data-elementor-type=\"wp-page\" data-elementor-id=\"967\" class=\"elementor elementor-967\" data-elementor-post-type=\"page\">\n\t\t\t\t\t\t\t\t\t<section class=\"elementor-section elementor-top-section elementor-element elementor-element-11c8e2b6 elementor-section-height-min-height elementor-section-items-stretch elementor-section-content-middle elementor-section-boxed elementor-section-height-default\" data-id=\"11c8e2b6\" data-element_type=\"section\">\n\t\t\t\t\t\t<div class=\"elementor-container elementor-column-gap-no\">\n\t\t\t\t\t<div class=\"elementor-column elementor-col-100 elementor-top-column elementor-element elementor-element-db2082\" data-id=\"db2082\" data-element_type=\"column\">\n\t\t\t<div class=\"elementor-widget-wrap elementor-element-populated\">\n\t\t\t\t\t\t\t\t<div class=\"elementor-element elementor-element-40d9717d elementor-invisible elementor-widget elementor-widget-heading\" data-id=\"40d9717d\" data-element_type=\"widget\" data-settings=\"{&quot;_animation&quot;:&quot;fadeIn&quot;}\" data-widget_type=\"heading.default\">\n\t\t\t\t<div class=\"elementor-widget-container\">\n\t\t\t<style>\/*! elementor - v3.17.0 - 25-10-2023 *\/\n.elementor-heading-title{padding:0;margin:0;line-height:1}.elementor-widget-heading .elementor-heading-title[class*=elementor-size-]>a{color:inherit;font-size:inherit;line-height:inherit}.elementor-widget-heading .elementor-heading-title.elementor-size-small{font-size:15px}.elementor-widget-heading .elementor-heading-title.elementor-size-medium{font-size:19px}.elementor-widget-heading .elementor-heading-title.elementor-size-large{font-size:29px}.elementor-widget-heading .elementor-heading-title.elementor-size-xl{font-size:39px}.elementor-widget-heading .elementor-heading-title.elementor-size-xxl{font-size:59px}<\/style><h1 class=\"elementor-heading-title elementor-size-default\">Travaux int\u00e9rieurs<\/h1>\t\t<\/div>\n\t\t\t\t<\/div>\n\t\t\t\t<div class=\"elementor-element elementor-element-3443fe1e elementor-invisible elementor-widget elementor-widget-heading\" data-id=\"3443fe1e\" data-element_type=\"widget\" data-settings=\"{&quot;_animation&quot;:&quot;fadeIn&quot;,&quot;_animation_delay&quot;:400}\" data-widget_type=\"heading.default\">\n\t\t\t\t<div class=\"elementor-widget-container\">\n\t\t\t<h2 class=\"elementor-heading-title elementor-size-default\">L'embellissement transforme les espaces publics en lieux inspirants o\u00f9 la cr\u00e9ativit\u00e9 prosp\u00e8re, que ce soit dans les bureaux, les salles de r\u00e9union ou les espaces communs.<\/h2>\t\t<\/div>\n\t\t\t\t<\/div>\n\t\t\t\t\t<\/div>\n\t\t<\/div>\n\t\t\t\t\t\t\t<\/div>\n\t\t<\/section>\n\t\t\t\t<section class=\"elementor-section elementor-top-section elementor-element elementor-element-28bc0567 elementor-section-full_width elementor-section-height-min-height elementor-section-items-stretch elementor-section-content-middle elementor-section-height-default\" data-id=\"28bc0567\" data-element_type=\"section\">\n\t\t\t\t\t\t<div class=\"elementor-container elementor-column-gap-no\">\n\t\t\t\t\t<div class=\"elementor-column elementor-col-100 elementor-top-column elementor-element elementor-element-19f6782f\" data-id=\"19f6782f\" data-element_type=\"column\" data-settings=\"{&quot;background_background&quot;:&quot;classic&quot;}\">\n\t\t\t<div class=\"elementor-widget-wrap\">\n\t\t\t\t\t\t\t\t\t<\/div>\n\t\t<\/div>\n\t\t\t\t\t\t\t<\/div>\n\t\t<\/section>\n\t\t\t\t<section class=\"elementor-section elementor-top-section elementor-element elementor-element-743d09c0 elementor-section-content-middle elementor-section-boxed elementor-section-height-default elementor-section-height-default\" data-id=\"743d09c0\" data-element_type=\"section\" data-settings=\"{&quot;background_background&quot;:&quot;classic&quot;}\">\n\t\t\t\t\t\t<div class=\"elementor-container elementor-column-gap-no\">\n\t\t\t\t\t<div class=\"elementor-column elementor-col-25 elementor-top-column elementor-element elementor-element-2512e5a4\" data-id=\"2512e5a4\" data-element_type=\"column\">\n\t\t\t<div class=\"elementor-widget-wrap elementor-element-populated\">\n\t\t\t\t\t\t\t\t<div class=\"elementor-element elementor-element-d7689be elementor-widget elementor-widget-tp-blockquote\" data-id=\"d7689be\" data-element_type=\"widget\" data-widget_type=\"tp-blockquote.default\">\n\t\t\t\t<div class=\"elementor-widget-container\">\n\t\t\t<div class=\"pt-plus-text-block-wrapper\" ><div class=\"text_block_parallax\"><div class=\"plus_blockquote quote-style-1   none \" ><blockquote class=\"quote-text\"><span class=\"tp-bq-desc\"><p>\"Des travaux de construction r\u00e9fl\u00e9chis remettent \u00e0 neuf votre b\u00e2timent\"<\/p><\/span><\/blockquote><\/div><\/div><\/div>\t\t<\/div>\n\t\t\t\t<\/div>\n\t\t\t\t<div class=\"elementor-element elementor-element-288786d1 elementor-widget__width-initial elementor-widget elementor-widget-text-editor\" data-id=\"288786d1\" data-element_type=\"widget\" data-widget_type=\"text-editor.default\">\n\t\t\t\t<div class=\"elementor-widget-container\">\n\t\t\t<style>\/*! elementor - v3.17.0 - 25-10-2023 *\/\n.elementor-widget-text-editor.elementor-drop-cap-view-stacked .elementor-drop-cap{background-color:#69727d;color:#fff}.elementor-widget-text-editor.elementor-drop-cap-view-framed .elementor-drop-cap{color:#69727d;border:3px solid;background-color:transparent}.elementor-widget-text-editor:not(.elementor-drop-cap-view-default) .elementor-drop-cap{margin-top:8px}.elementor-widget-text-editor:not(.elementor-drop-cap-view-default) .elementor-drop-cap-letter{width:1em;height:1em}.elementor-widget-text-editor .elementor-drop-cap{float:left;text-align:center;line-height:1;font-size:50px}.elementor-widget-text-editor .elementor-drop-cap-letter{display:inline-block}<\/style>\t\t\t\t<p>Nous mettons \u00e0 votre disposition une \u00e9quipe de professionnels d\u00e9vou\u00e9s qui ont accumul\u00e9 une riche exp\u00e9rience dans de nombreuses soci\u00e9t\u00e9s de renom et instances publiques.<\/p><p>Nous sommes votre partenaire de confiance pour prendre en charge toutes les t\u00e2ches de maintenance, \u00a0d&#8217;embellissement et de travaux de vos espaces int\u00e9rieurs, tout en respectant les normes de qualit\u00e9 les plus strictes et en adaptant nos services \u00e0 la fr\u00e9quence demand\u00e9e par nos clients.<\/p><p>Nous mettons notre expertise \u00e0 votre service pour maintenir un environnement propre et accueillant, o\u00f9 chaque d\u00e9tail compte.<\/p>\t\t\t\t\t\t<\/div>\n\t\t\t\t<\/div>\n\t\t\t\t<div class=\"elementor-element elementor-element-1c242b67 elementor-tablet-align-center elementor-invisible elementor-widget elementor-widget-button\" data-id=\"1c242b67\" data-element_type=\"widget\" data-settings=\"{&quot;_animation&quot;:&quot;fadeIn&quot;}\" data-widget_type=\"button.default\">\n\t\t\t\t<div class=\"elementor-widget-container\">\n\t\t\t\t\t<div class=\"elementor-button-wrapper\">\n\t\t\t<a class=\"elementor-button elementor-button-link elementor-size-sm\" href=\"https:\/\/library.elementor.com\/local-services-wireframe-2\/contact\/\">\n\t\t\t\t\t\t<span class=\"elementor-button-content-wrapper\">\n\t\t\t\t\t\t<span class=\"elementor-button-text\">Contactez nous pour un devis sur mesure<\/span>\n\t\t<\/span>\n\t\t\t\t\t<\/a>\n\t\t<\/div>\n\t\t\t\t<\/div>\n\t\t\t\t<\/div>\n\t\t\t\t\t<\/div>\n\t\t<\/div>\n\t\t\t\t<div class=\"elementor-column elementor-col-50 elementor-top-column elementor-element elementor-element-4523c75c\" data-id=\"4523c75c\" data-element_type=\"column\" data-settings=\"{&quot;background_background&quot;:&quot;classic&quot;}\">\n\t\t\t<div class=\"elementor-widget-wrap elementor-element-populated\">\n\t\t\t\t\t\t\t\t<div class=\"elementor-element elementor-element-2886e62 elementor-skin-carousel elementor-arrows-yes elementor-pagination-type-bullets elementor-pagination-position-outside elementor-widget elementor-widget-media-carousel\" data-id=\"2886e62\" data-element_type=\"widget\" data-settings=\"{&quot;slides_per_view&quot;:&quot;1&quot;,&quot;skin&quot;:&quot;carousel&quot;,&quot;effect&quot;:&quot;slide&quot;,&quot;show_arrows&quot;:&quot;yes&quot;,&quot;pagination&quot;:&quot;bullets&quot;,&quot;speed&quot;:500,&quot;autoplay&quot;:&quot;yes&quot;,&quot;autoplay_speed&quot;:5000,&quot;loop&quot;:&quot;yes&quot;,&quot;pause_on_hover&quot;:&quot;yes&quot;,&quot;pause_on_interaction&quot;:&quot;yes&quot;,&quot;space_between&quot;:{&quot;unit&quot;:&quot;px&quot;,&quot;size&quot;:10,&quot;sizes&quot;:[]},&quot;space_between_tablet&quot;:{&quot;unit&quot;:&quot;px&quot;,&quot;size&quot;:10,&quot;sizes&quot;:[]},&quot;space_between_mobile&quot;:{&quot;unit&quot;:&quot;px&quot;,&quot;size&quot;:10,&quot;sizes&quot;:[]}}\" data-widget_type=\"media-carousel.default\">\n\t\t\t\t<div class=\"elementor-widget-container\">\n\t\t\t<link rel=\"stylesheet\" href=\"https:\/\/mdm-business-services.be\/wp-content\/plugins\/elementor-pro\/assets\/css\/widget-carousel.min.css\">\t\t<div class=\"elementor-swiper\">\n\t\t\t<div class=\"elementor-main-swiper swiper-container\">\n\t\t\t\t<div class=\"swiper-wrapper\">\n\t\t\t\t\t\t\t\t\t\t\t<div class=\"swiper-slide\">\n\t\t\t\t\t\t\t\t\t<div class=\"elementor-carousel-image\" role=\"img\" aria-label=\"MDM r\u00e9novation int\u00e9rieur\" style=\"background-image: url(&#039;https:\/\/mdm-business-services.be\/wp-content\/uploads\/MDM-renovation-interieur.png&#039;)\">\n\n\t\t\t\n\t\t\t\t\t<\/div>\n\t\t\t\t\t\t\t\t<\/div>\n\t\t\t\t\t\t\t\t\t\t\t<div class=\"swiper-slide\">\n\t\t\t\t\t\t\t\t\t<div class=\"elementor-carousel-image\" role=\"img\" aria-label=\"Diligently installing ceramic tiles in a bathroom, combining form and function to produce an easy-to-clean and aesthetically pleasing bathing area. Generated by AI.\" style=\"background-image: url(&#039;https:\/\/mdm-business-services.be\/wp-content\/uploads\/AdobeStock_633283914.jpeg&#039;)\">\n\n\t\t\t\n\t\t\t\t\t<\/div>\n\t\t\t\t\t\t\t\t<\/div>\n\t\t\t\t\t\t\t\t\t\t\t<div class=\"swiper-slide\">\n\t\t\t\t\t\t\t\t\t<div class=\"elementor-carousel-image\" role=\"img\" aria-label=\"The man is setting the washbasin over the cabinet in the bathroom.\" style=\"background-image: url(&#039;https:\/\/mdm-business-services.be\/wp-content\/uploads\/AdobeStock_183012867-scaled.jpeg&#039;)\">\n\n\t\t\t\n\t\t\t\t\t<\/div>\n\t\t\t\t\t\t\t\t<\/div>\n\t\t\t\t\t\t\t\t\t\t\t<div class=\"swiper-slide\">\n\t\t\t\t\t\t\t\t\t<div class=\"elementor-carousel-image\" role=\"img\" aria-label=\"Carpenter mounting furniture hinges\" style=\"background-image: url(&#039;https:\/\/mdm-business-services.be\/wp-content\/uploads\/AdobeStock_371974483.jpeg&#039;)\">\n\n\t\t\t\n\t\t\t\t\t<\/div>\n\t\t\t\t\t\t\t\t<\/div>\n\t\t\t\t\t\t\t\t\t\t\t<div class=\"swiper-slide\">\n\t\t\t\t\t\t\t\t\t<div class=\"elementor-carousel-image\" role=\"img\" aria-label=\"Contractor Installing High Temperature Mineral Wool Inside Garden Shed Walls.\" style=\"background-image: url(&#039;https:\/\/mdm-business-services.be\/wp-content\/uploads\/AdobeStock_582876760-scaled.jpeg&#039;)\">\n\n\t\t\t\n\t\t\t\t\t<\/div>\n\t\t\t\t\t\t\t\t<\/div>\n\t\t\t\t\t\t\t\t\t\t\t<div class=\"swiper-slide\">\n\t\t\t\t\t\t\t\t\t<div class=\"elementor-carousel-image\" role=\"img\" aria-label=\"Hands man plasterer construction worker at work with trowel, plastering a wall, closeup\" style=\"background-image: url(&#039;https:\/\/mdm-business-services.be\/wp-content\/uploads\/AdobeStock_412243322-scaled.jpeg&#039;)\">\n\n\t\t\t\n\t\t\t\t\t<\/div>\n\t\t\t\t\t\t\t\t<\/div>\n\t\t\t\t\t\t\t\t\t\t\t<div class=\"swiper-slide\">\n\t\t\t\t\t\t\t\t\t<div class=\"elementor-carousel-image\" role=\"img\" aria-label=\"A construction worker mason in the ongoing remodeling of a spacious kitchen with windows to the outside.copy space\" style=\"background-image: url(&#039;https:\/\/mdm-business-services.be\/wp-content\/uploads\/AdobeStock_640241570-scaled.jpeg&#039;)\">\n\n\t\t\t\n\t\t\t\t\t<\/div>\n\t\t\t\t\t\t\t\t<\/div>\n\t\t\t\t\t\t\t\t\t\t\t<div class=\"swiper-slide\">\n\t\t\t\t\t\t\t\t\t<div class=\"elementor-carousel-image\" role=\"img\" aria-label=\"Escalier\" style=\"background-image: url(&#039;https:\/\/mdm-business-services.be\/wp-content\/uploads\/AdobeStock_50572129-scaled.jpeg&#039;)\">\n\n\t\t\t\n\t\t\t\t\t<\/div>\n\t\t\t\t\t\t\t\t<\/div>\n\t\t\t\t\t\t\t\t\t\t\t<div class=\"swiper-slide\">\n\t\t\t\t\t\t\t\t\t<div class=\"elementor-carousel-image\" role=\"img\" aria-label=\"19\" style=\"background-image: url(&#039;https:\/\/mdm-business-services.be\/wp-content\/uploads\/19.png&#039;)\">\n\n\t\t\t\n\t\t\t\t\t<\/div>\n\t\t\t\t\t\t\t\t<\/div>\n\t\t\t\t\t\t\t\t\t\t\t<div class=\"swiper-slide\">\n\t\t\t\t\t\t\t\t\t<div class=\"elementor-carousel-image\" role=\"img\" aria-label=\"18\" style=\"background-image: url(&#039;https:\/\/mdm-business-services.be\/wp-content\/uploads\/18.png&#039;)\">\n\n\t\t\t\n\t\t\t\t\t<\/div>\n\t\t\t\t\t\t\t\t<\/div>\n\t\t\t\t\t\t\t\t\t\t\t<div class=\"swiper-slide\">\n\t\t\t\t\t\t\t\t\t<div class=\"elementor-carousel-image\" role=\"img\" aria-label=\"17\" style=\"background-image: url(&#039;https:\/\/mdm-business-services.be\/wp-content\/uploads\/17.png&#039;)\">\n\n\t\t\t\n\t\t\t\t\t<\/div>\n\t\t\t\t\t\t\t\t<\/div>\n\t\t\t\t\t\t\t\t\t<\/div>\n\t\t\t\t\t\t\t\t\t\t\t\t\t\t\t<div class=\"swiper-pagination\"><\/div>\n\t\t\t\t\t\t\t\t\t\t\t\t\t\t\t\t<div class=\"elementor-swiper-button elementor-swiper-button-prev\" role=\"button\" tabindex=\"0\">\n\t\t\t\t\t\t\t<i aria-hidden=\"true\" class=\"eicon-chevron-left\"><\/i>\t\t\t\t\t\t\t<span class=\"elementor-screen-only\">Previous<\/span>\n\t\t\t\t\t\t<\/div>\n\t\t\t\t\t\t<div class=\"elementor-swiper-button elementor-swiper-button-next\" role=\"button\" tabindex=\"0\">\n\t\t\t\t\t\t\t<i aria-hidden=\"true\" class=\"eicon-chevron-right\"><\/i>\t\t\t\t\t\t\t<span class=\"elementor-screen-only\">Next<\/span>\n\t\t\t\t\t\t<\/div>\n\t\t\t\t\t\t\t\t\t\t\t\t<\/div>\n\t\t<\/div>\n\t\t\t\t<\/div>\n\t\t\t\t<\/div>\n\t\t\t\t\t<\/div>\n\t\t<\/div>\n\t\t\t\t<div class=\"elementor-column elementor-col-25 elementor-top-column elementor-element elementor-element-7030a305\" data-id=\"7030a305\" data-element_type=\"column\" data-settings=\"{&quot;background_background&quot;:&quot;classic&quot;}\">\n\t\t\t<div class=\"elementor-widget-wrap\">\n\t\t\t\t\t\t\t\t\t<\/div>\n\t\t<\/div>\n\t\t\t\t\t\t\t<\/div>\n\t\t<\/section>\n\t\t\t\t<section class=\"elementor-section elementor-top-section elementor-element elementor-element-5379af0 elementor-section-boxed elementor-section-height-default elementor-section-height-default\" data-id=\"5379af0\" data-element_type=\"section\">\n\t\t\t\t\t\t<div class=\"elementor-container elementor-column-gap-default\">\n\t\t\t\t\t<div class=\"elementor-column elementor-col-100 elementor-top-column elementor-element elementor-element-1c737eb\" data-id=\"1c737eb\" data-element_type=\"column\">\n\t\t\t<div class=\"elementor-widget-wrap elementor-element-populated\">\n\t\t\t\t\t\t\t\t<div class=\"elementor-element elementor-element-d4dea6a elementor-widget elementor-widget-spacer\" data-id=\"d4dea6a\" data-element_type=\"widget\" data-widget_type=\"spacer.default\">\n\t\t\t\t<div class=\"elementor-widget-container\">\n\t\t\t<style>\/*! elementor - v3.17.0 - 25-10-2023 *\/\n.elementor-column .elementor-spacer-inner{height:var(--spacer-size)}.e-con{--container-widget-width:100%}.e-con-inner>.elementor-widget-spacer,.e-con>.elementor-widget-spacer{width:var(--container-widget-width,var(--spacer-size));--align-self:var(--container-widget-align-self,initial);--flex-shrink:0}.e-con-inner>.elementor-widget-spacer>.elementor-widget-container,.e-con>.elementor-widget-spacer>.elementor-widget-container{height:100%;width:100%}.e-con-inner>.elementor-widget-spacer>.elementor-widget-container>.elementor-spacer,.e-con>.elementor-widget-spacer>.elementor-widget-container>.elementor-spacer{height:100%}.e-con-inner>.elementor-widget-spacer>.elementor-widget-container>.elementor-spacer>.elementor-spacer-inner,.e-con>.elementor-widget-spacer>.elementor-widget-container>.elementor-spacer>.elementor-spacer-inner{height:var(--container-widget-height,var(--spacer-size))}.e-con-inner>.elementor-widget-spacer.elementor-widget-empty,.e-con>.elementor-widget-spacer.elementor-widget-empty{position:relative;min-height:22px;min-width:22px}.e-con-inner>.elementor-widget-spacer.elementor-widget-empty .elementor-widget-empty-icon,.e-con>.elementor-widget-spacer.elementor-widget-empty .elementor-widget-empty-icon{position:absolute;top:0;bottom:0;left:0;right:0;margin:auto;padding:0;width:22px;height:22px}<\/style>\t\t<div class=\"elementor-spacer\">\n\t\t\t<div class=\"elementor-spacer-inner\"><\/div>\n\t\t<\/div>\n\t\t\t\t<\/div>\n\t\t\t\t<\/div>\n\t\t\t\t<div class=\"elementor-element elementor-element-889f2de elementor-widget elementor-widget-text-editor\" data-id=\"889f2de\" data-element_type=\"widget\" data-widget_type=\"text-editor.default\">\n\t\t\t\t<div class=\"elementor-widget-container\">\n\t\t\t\t\t\t\t<p>Au fil des ann\u00e9es, nous avons acquis une r\u00e9putation solide en tant qu&rsquo;entreprise sp\u00e9cialis\u00e9e dans la transformation d&rsquo;espaces int\u00e9rieurs. Notre engagement envers la qualit\u00e9, la cr\u00e9ativit\u00e9 et la satisfaction client est au c\u0153ur de tout ce que nous faisons. Voici un aper\u00e7u de notre vaste exp\u00e9rience dans ce domaine :<\/p>\n<ul>\n<li><strong>Peinture exemplaire pour transformer votre int\u00e9rieur<\/strong> : Notre \u00e9quipe de peintres hautement qualifi\u00e9s est l&rsquo;artiste de votre espace int\u00e9rieur. Que vous souhaitiez donner une nouvelle vie \u00e0 vos murs avec des couleurs vibrantes ou cr\u00e9er une ambiance apaisante avec des teintes plus douces, nous avons l&rsquo;expertise n\u00e9cessaire pour vous conseiller et r\u00e9aliser vos aspirations.<\/li>\n<li><strong>Sablage d\u00e9licat pour r\u00e9v\u00e9ler la beaut\u00e9 cach\u00e9e<\/strong> : Le sablage peut m\u00e9tamorphoser un int\u00e9rieur en r\u00e9v\u00e9lant la beaut\u00e9 cach\u00e9e des surfaces. Que ce soit des planchers en bois, des poutres apparentes ou des murs en briques, notre \u00e9quipe ma\u00eetrise les techniques de sablage avec pr\u00e9cision pour restaurer et raviver ces \u00e9l\u00e9ments.<\/li>\n<li><strong>R\u00e9paration et maintenance pour pr\u00e9server la beaut\u00e9<\/strong> : En plus de nos services esth\u00e9tiques, nous sommes des experts en r\u00e9paration et en maintenance des int\u00e9rieurs. Que ce soit pour restaurer des cloisons endommag\u00e9es, r\u00e9parer des plafonds fissur\u00e9s ou entretenir vos rev\u00eatements de sol, nous sommes l\u00e0 pour vous aider \u00e0 maintenir la beaut\u00e9 et la fonctionnalit\u00e9 de votre espace int\u00e9rieur.<\/li>\n<li><strong>Peinture d\u00e9corative<\/strong> : Notre \u00e9quipe d&rsquo;experts en peinture est pr\u00eate \u00e0 donner vie \u00e0 vos id\u00e9es. De la peinture projet\u00e9e au sablage \u00e0 sec, nous ma\u00eetrisons toutes les techniques pour cr\u00e9er des finitions exceptionnelles.<\/li>\n<li><strong>Peinture des murs et plafonds<\/strong> : Nous prenons en charge la r\u00e9novation compl\u00e8te de vos murs et plafonds, en utilisant les couleurs et les textures qui correspondent parfaitement \u00e0 votre style.<\/li>\n<li><strong>Isolation int\u00e9rieure<\/strong> : Pour un confort optimal, nous proposons des solutions d&rsquo;isolation de haute qualit\u00e9.<\/li>\n<li><strong>Travaux g\u00e9n\u00e9raux int\u00e9rieurs<\/strong> : Notre \u00e9quipe polyvalente effectue des travaux int\u00e9rieurs vari\u00e9s, du gyproc au carrelage, en passant par les finitions, les boiseries et m\u00eame la vitrification de plancher et le parquet.<\/li>\n<li><strong>Montage mobilier et sanitaire<\/strong> : Vous pouvez compter sur nous pour le montage de mobilier et d&rsquo;installations sanitaires, assurant ainsi un r\u00e9sultat impeccable dans chaque pi\u00e8ce de votre maison.<\/li>\n<li><strong>R\u00e9novations en bois<\/strong> : Nous sommes des sp\u00e9cialistes des r\u00e9novations en bois, que ce soit pour restaurer des \u00e9l\u00e9ments existants ou cr\u00e9er de nouvelles structures en bois sur mesure.<\/li>\n<\/ul>\n<div><br><\/div>\n<p><strong>Notre vaste exp\u00e9rience<\/strong> dans la r\u00e9alisation de travaux d&rsquo;entretien et d&#8217;embellissement des int\u00e9rieurs nous a permis de travailler sur une vari\u00e9t\u00e9 de projets, des r\u00e9sidences priv\u00e9es aux espaces commerciaux en passant par les lieux publics.<\/p>\n<p><strong style=\"color: var( --e-global-color-text ); font-family: var( --e-global-typography-text-font-family ), Sans-serif; font-size: var( --e-global-typography-text-font-size ); font-style: var( --e-global-typography-text-font-style ); letter-spacing: var( --e-global-typography-text-letter-spacing ); text-transform: var( --e-global-typography-text-text-transform ); word-spacing: var( --e-global-typography-text-word-spacing ); text-decoration: var( --e-global-typography-text-text-decoration );\">Approche personnalis\u00e9e pour votre projet unique<\/strong><span style=\"color: var( --e-global-color-text ); font-family: var( --e-global-typography-text-font-family ), Sans-serif; font-size: var( --e-global-typography-text-font-size ); font-style: var( --e-global-typography-text-font-style ); letter-spacing: var( --e-global-typography-text-letter-spacing ); text-transform: var( --e-global-typography-text-text-transform ); word-spacing: var( --e-global-typography-text-word-spacing ); text-decoration: var( --e-global-typography-text-text-decoration ); background-color: var( --e-global-color-c696dce );\"> : Chaque projet que nous entreprenons est une \u0153uvre d&rsquo;art en soi, et nous attachons une grande importance \u00e0 une collaboration \u00e9troite avec nos clients.&nbsp;<\/span><\/p><p><span style=\"color: var( --e-global-color-text ); font-family: var( --e-global-typography-text-font-family ), Sans-serif; font-size: var( --e-global-typography-text-font-size ); font-style: var( --e-global-typography-text-font-style ); letter-spacing: var( --e-global-typography-text-letter-spacing ); text-transform: var( --e-global-typography-text-text-transform ); word-spacing: var( --e-global-typography-text-word-spacing ); text-decoration: var( --e-global-typography-text-text-decoration ); background-color: var( --e-global-color-c696dce );\">Nous \u00e9coutons attentivement vos besoins et vos id\u00e9es, travaillons en \u00e9troite collaboration avec vous pour concr\u00e9tiser votre vision, tout en apportant notre expertise pour garantir des r\u00e9sultats exceptionnels.<\/span><br><\/p>\t\t\t\t\t\t<\/div>\n\t\t\t\t<\/div>\n\t\t\t\t<div class=\"elementor-element elementor-element-82c2921 elementor-widget elementor-widget-spacer\" data-id=\"82c2921\" data-element_type=\"widget\" data-widget_type=\"spacer.default\">\n\t\t\t\t<div class=\"elementor-widget-container\">\n\t\t\t\t\t<div class=\"elementor-spacer\">\n\t\t\t<div class=\"elementor-spacer-inner\"><\/div>\n\t\t<\/div>\n\t\t\t\t<\/div>\n\t\t\t\t<\/div>\n\t\t\t\t<div class=\"elementor-element elementor-element-1e39094 elementor-align-center elementor-widget elementor-widget-button\" data-id=\"1e39094\" data-element_type=\"widget\" data-widget_type=\"button.default\">\n\t\t\t\t<div class=\"elementor-widget-container\">\n\t\t\t\t\t<div class=\"elementor-button-wrapper\">\n\t\t\t<a class=\"elementor-button elementor-button-link elementor-size-sm\" href=\"https:\/\/mdm-business-services.be\/contact\/\" target=\"_blank\">\n\t\t\t\t\t\t<span class=\"elementor-button-content-wrapper\">\n\t\t\t\t\t\t<span class=\"elementor-button-text\">Demande de Devis<\/span>\n\t\t<\/span>\n\t\t\t\t\t<\/a>\n\t\t<\/div>\n\t\t\t\t<\/div>\n\t\t\t\t<\/div>\n\t\t\t\t<div class=\"elementor-element elementor-element-5642283 elementor-widget elementor-widget-spacer\" data-id=\"5642283\" data-element_type=\"widget\" data-widget_type=\"spacer.default\">\n\t\t\t\t<div class=\"elementor-widget-container\">\n\t\t\t\t\t<div class=\"elementor-spacer\">\n\t\t\t<div class=\"elementor-spacer-inner\"><\/div>\n\t\t<\/div>\n\t\t\t\t<\/div>\n\t\t\t\t<\/div>\n\t\t\t\t\t<\/div>\n\t\t<\/div>\n\t\t\t\t\t\t\t<\/div>\n\t\t<\/section>\n\t\t\t\t\t\t\t<\/div>\n\t\t","protected":false},"excerpt":{"rendered":"<p>Travaux int\u00e9rieurs L&#8217;embellissement transforme les espaces publics en lieux inspirants o\u00f9 la cr\u00e9ativit\u00e9 prosp\u00e8re, que ce soit dans les bureaux, les salles de r\u00e9union ou les espaces communs. \u00ab\u00a0Des travaux de construction r\u00e9fl\u00e9chis remettent \u00e0 neuf votre b\u00e2timent\u00a0\u00bb Nous mettons \u00e0 votre disposition une \u00e9quipe de professionnels d\u00e9vou\u00e9s qui ont accumul\u00e9 une riche exp\u00e9rience dans [&hellip;]<\/p>\n","protected":false},"author":3,"featured_media":845,"parent":0,"menu_order":0,"comment_status":"closed","ping_status":"closed","template":"elementor_header_footer","meta":{"footnotes":""},"class_list":["post-967","page","type-page","status-publish","has-post-thumbnail","hentry"],"_links":{"self":[{"href":"https:\/\/mdm-business-services.be\/fr\/wp-json\/wp\/v2\/pages\/967","targetHints":{"allow":["GET"]}}],"collection":[{"href":"https:\/\/mdm-business-services.be\/fr\/wp-json\/wp\/v2\/pages"}],"about":[{"href":"https:\/\/mdm-business-services.be\/fr\/wp-json\/wp\/v2\/types\/page"}],"author":[{"embeddable":true,"href":"https:\/\/mdm-business-services.be\/fr\/wp-json\/wp\/v2\/users\/3"}],"replies":[{"embeddable":true,"href":"https:\/\/mdm-business-services.be\/fr\/wp-json\/wp\/v2\/comments?post=967"}],"version-history":[{"count":56,"href":"https:\/\/mdm-business-services.be\/fr\/wp-json\/wp\/v2\/pages\/967\/revisions"}],"predecessor-version":[{"id":1764,"href":"https:\/\/mdm-business-services.be\/fr\/wp-json\/wp\/v2\/pages\/967\/revisions\/1764"}],"wp:featuredmedia":[{"embeddable":true,"href":"https:\/\/mdm-business-services.be\/fr\/wp-json\/wp\/v2\/media\/845"}],"wp:attachment":[{"href":"https:\/\/mdm-business-services.be\/fr\/wp-json\/wp\/v2\/media?parent=967"}],"curies":[{"name":"wp","href":"https:\/\/api.w.org\/{rel}","templated":true}]}}